{"id":5460,"date":"2026-01-02T18:01:42","date_gmt":"2026-01-02T18:01:42","guid":{"rendered":"https:\/\/motolocdiscount.com\/?post_type=product&#038;p=5460"},"modified":"2026-01-09T15:50:24","modified_gmt":"2026-01-09T15:50:24","slug":"honda-nx-500cc","status":"publish","type":"product","link":"https:\/\/motolocdiscount.com\/it\/prodotto\/honda-nx-500cc\/","title":{"rendered":"Honda NX 500cc"},"content":{"rendered":"<table style=\"width: 100% !important; max-width: 900px !important; margin: 0 auto !important; border-collapse: collapse !important; font-family: Arial, sans-serif !important; color: #333 !important; background-color: #fff !important;\">\n<thead><!-- Premi\u00e8re ligne d\u2019en\u2011t\u00eate : titre sur fond bleu --><\/p>\n<tr style=\"background-color: #033e61 !important; color: #fff !important;\">\n<th style=\"border: 1px solid #ccc !important; padding: 12px !important; text-align: center !important; text-transform: uppercase !important;\" colspan=\"2\">CONDITIONS &amp; INFORMATIONS<\/th>\n<\/tr>\n<p><!-- Deuxi\u00e8me ligne d\u2019en\u2011t\u00eate : Nom \/ D\u00e9tails --><\/p>\n<tr>\n<th style=\"border: 1px solid #ccc !important; padding: 12px !important; text-align: left !important; text-transform: uppercase !important; white-space: normal !important; word-wrap: break-word !important;\">Cogome<\/th>\n<th style=\"border: 1px solid #ccc !important; padding: 12px !important; text-align: left !important; text-transform: uppercase !important; white-space: normal !important; word-wrap: break-word !important;\">D\u00e9tails<\/th>\n<\/tr>\n<\/thead>\n<tbody><!-- 1 : \u00c2ge minimum --><\/p>\n<tr style=\"border: 1px solid #ccc !important;\">\n<td style=\"border: 1px solid #ccc !important; padding: 12px !important; white-space: normal !important; word-wrap: break-word !important;\">\u00c2ge minimum<\/td>\n<td style=\"border: 1px solid #ccc !important; padding: 12px !important;\">20 ans<\/td>\n<\/tr>\n<p><!-- 2 : Permis en cours de validit\u00e9 (ligne grise) --><\/p>\n<tr style=\"border: 1px solid #ccc !important; background-color: #f9f9f9 !important;\">\n<td style=\"border: 1px solid #ccc !important; padding: 12px !important;\">Permis en cours de validit\u00e9<\/td>\n<td style=\"border: 1px solid #ccc !important; padding: 12px !important; white-space: normal !important; word-wrap: break-word !important;\">A ou A2, sans suspension ni retrait dans les 3 derni\u00e8res ann\u00e9es<\/td>\n<\/tr>\n<p><!-- 3 : Pi\u00e8ce d'identit\u00e9 --><\/p>\n<tr style=\"border: 1px solid #ccc !important;\">\n<td style=\"border: 1px solid #ccc !important; padding: 12px !important;\">Pi\u00e8ce d&rsquo;identit\u00e9<\/td>\n<td style=\"border: 1px solid #ccc !important; padding: 12px !important;\">En cours de validit\u00e9<\/td>\n<\/tr>\n<p><!-- 4 : D\u00e9p\u00f4t de garantie (ligne grise) --><\/p>\n<tr style=\"border: 1px solid #ccc !important; background-color: #f9f9f9 !important;\">\n<td style=\"border: 1px solid #ccc !important; padding: 12px !important;\">D\u00e9p\u00f4t de garantie<\/td>\n<td style=\"border: 1px solid #ccc !important; padding: 12px !important;\">1500\u20ac (non d\u00e9bit\u00e9), par carte bancaire uniquement<\/td>\n<\/tr>\n<p><!-- 5 : \u00c9quipement fourni --><\/p>\n<tr style=\"border: 1px solid #ccc !important;\">\n<td style=\"border: 1px solid #ccc !important; padding: 12px !important;\">\u00c9quipement fourni<\/td>\n<td style=\"border: 1px solid #ccc !important; padding: 12px !important;\">Tous nos scooters et motos sont \u00e9quip\u00e9s de top case, casques, gants et antivol<\/td>\n<\/tr>\n<p><!-- 6 : Kilom\u00e9trage (ligne grise) --><\/p>\n<tr style=\"border: 1px solid #ccc !important; background-color: #f9f9f9 !important;\">\n<td style=\"border: 1px solid #ccc !important; padding: 12px !important;\">Kilom\u00e9trage<\/td>\n<td style=\"border: 1px solid #ccc !important; padding: 12px !important;\">Illimit\u00e9<\/td>\n<\/tr>\n<p><!-- 7 : Assurance --><\/p>\n<tr style=\"border: 1px solid #ccc !important;\">\n<td style=\"border: 1px solid #ccc !important; padding: 12px !important;\">Assurance<\/td>\n<td style=\"border: 1px solid #ccc !important; padding: 12px !important;\">Incluse<\/td>\n<\/tr>\n<p><!-- 8 : Assurance Crevaison (ligne grise, ajout\u00e9e) --><\/p>\n<tr style=\"border: 1px solid #ccc !important; background-color: #f9f9f9 !important;\">\n<td style=\"border: 1px solid #ccc !important; padding: 12px !important;\">Assurance Crevaison<\/td>\n<td style=\"border: 1px solid #ccc !important; padding: 12px !important;\">Option : 15\u00a0\u20ac pour la dur\u00e9e totale du s\u00e9jour<\/td>\n<\/tr>\n<\/tbody>\n<\/table>","protected":false},"excerpt":{"rendered":"<p><strong><span style=\"color: #ff9900;\"><span style=\"color: #333333;\">A partire da<\/span> <span style=\"font-size: hight;\">95 \u20ac <\/span><\/span><\/strong><\/p>\n<p><strong>Honda NX 500<\/strong> \u2013 L\u2019aventure accessible \u00e0 tous.<\/p>\n<p>La Honda NX 500 est une moto polyvalente, id\u00e9ale pour les trajets urbains comme pour les longues escapades sur nos merveilleuses routes.<\/p>\n<p>Dot\u00e9e d\u2019une hauteur de <strong>selle de 830 mm<\/strong>, elle offre une position de conduite confortable et rassurante pour une large gamme de pilotes.<\/p>\n<p>Son r\u00e9servoir de 17,5 litres garantit une belle autonomie, parfaite pour les longues balades. Maniable, fiable et au style affirm\u00e9, la NX 500 est pr\u00eate \u00e0 vous accompagner partout.<\/p>\n<p><strong><span style=\"color: #ff9900;\"><span style=\"color: #333333;\"><img decoding=\"async\" class=\"alignnone wp-image-5392\" src=\"https:\/\/motolocdiscount.com\/wp-content\/uploads\/2025\/03\/PERMIS_A-min.png\" alt=\"\" width=\"70\" height=\"70\" srcset=\"https:\/\/motolocdiscount.com\/wp-content\/uploads\/2025\/03\/PERMIS_A-min-12x12.png 12w, https:\/\/motolocdiscount.com\/wp-content\/uploads\/2025\/03\/PERMIS_A-min-66x66.png 66w, https:\/\/motolocdiscount.com\/wp-content\/uploads\/2025\/03\/PERMIS_A-min-150x150.png 150w, https:\/\/motolocdiscount.com\/wp-content\/uploads\/2025\/03\/PERMIS_A-min-200x200.png 200w, https:\/\/motolocdiscount.com\/wp-content\/uploads\/2025\/03\/PERMIS_A-min-300x300.png 300w, https:\/\/motolocdiscount.com\/wp-content\/uploads\/2025\/03\/PERMIS_A-min-400x400.png 400w, https:\/\/motolocdiscount.com\/wp-content\/uploads\/2025\/03\/PERMIS_A-min.png 500w\" sizes=\"(max-width: 70px) 100vw, 70px\" \/><\/span><\/span><\/strong><img decoding=\"async\" class=\"alignnone wp-image-5393\" src=\"https:\/\/motolocdiscount.com\/wp-content\/uploads\/2025\/03\/permis-A2-min.png\" alt=\"\" width=\"70\" height=\"70\" srcset=\"https:\/\/motolocdiscount.com\/wp-content\/uploads\/2025\/03\/permis-A2-min-12x12.png 12w, https:\/\/motolocdiscount.com\/wp-content\/uploads\/2025\/03\/permis-A2-min-66x66.png 66w, https:\/\/motolocdiscount.com\/wp-content\/uploads\/2025\/03\/permis-A2-min-150x150.png 150w, https:\/\/motolocdiscount.com\/wp-content\/uploads\/2025\/03\/permis-A2-min-200x200.png 200w, https:\/\/motolocdiscount.com\/wp-content\/uploads\/2025\/03\/permis-A2-min-300x300.png 300w, https:\/\/motolocdiscount.com\/wp-content\/uploads\/2025\/03\/permis-A2-min-400x400.png 400w, https:\/\/motolocdiscount.com\/wp-content\/uploads\/2025\/03\/permis-A2-min.png 500w\" sizes=\"(max-width: 70px) 100vw, 70px\" \/><\/p>\n<div class=\"table-1\">\n<table style=\"width: 100%; border-collapse: collapse;\">\n<tbody>\n<tr>\n<td style=\"text-align: center; border: 1px solid #ccc; background-color: #033e61; color: white;\" colspan=\"2\"><strong>Tarifs de location<\/strong><\/td>\n<\/tr>\n<tr>\n<td style=\"text-align: center; border: 1px solid #ccc; background-color: #f9f9f9;\">Journ\u00e9e<\/td>\n<td style=\"text-align: center; border: 1px solid #ccc; background-color: #f9f9f9;\">95\u20ac<\/td>\n<\/tr>\n<tr>\n<td style=\"text-align: center; border: 1px solid #ccc; background-color: #f9f9f9;\">2 jours<\/td>\n<td style=\"text-align: center; border: 1px solid #ccc; background-color: #f9f9f9;\">170\u20ac<\/td>\n<\/tr>\n<tr>\n<td style=\"text-align: center; border: 1px solid #ccc; background-color: #f9f9f9;\">3 giorni<\/td>\n<td style=\"text-align: center; border: 1px solid #ccc; background-color: #f9f9f9;\">250\u20ac<\/td>\n<\/tr>\n<tr>\n<td style=\"text-align: center; border: 1px solid #ccc; background-color: #f9f9f9;\">4 giorni<\/td>\n<td style=\"text-align: center; border: 1px solid #ccc; background-color: #f9f9f9;\">330\u20ac<\/td>\n<\/tr>\n<tr>\n<td style=\"text-align: center; border: 1px solid #ccc; background-color: #f9f9f9;\">5 giorni<\/td>\n<td style=\"text-align: center; border: 1px solid #ccc; background-color: #f9f9f9;\">400\u20ac<\/td>\n<\/tr>\n<tr>\n<td style=\"text-align: center; border: 1px solid #ccc; background-color: #f9f9f9;\">6 giorni<\/td>\n<td style=\"text-align: center; border: 1px solid #ccc; background-color: #f9f9f9;\">470\u20ac<\/td>\n<\/tr>\n<tr>\n<td style=\"text-align: center; border: 1px solid #ccc; background-color: #f9f9f9;\">7 giorni<\/td>\n<td style=\"text-align: center; border: 1px solid #ccc; background-color: #f9f9f9;\">540\u20ac<\/td>\n<\/tr>\n<tr>\n<td style=\"text-align: center; border: 1px solid #ccc; background-color: #f9f9f9;\">Jour suppl\u00e9mentaire<\/td>\n<td style=\"text-align: center; border: 1px solid #ccc; background-color: #f9f9f9;\">60\u20ac<\/td>\n<\/tr>\n<\/tbody>\n<\/table>\n<\/div>","protected":false},"featured_media":5471,"template":"","meta":[],"product_brand":[],"product_cat":[97],"product_tag":[],"class_list":{"0":"post-5460","1":"product","2":"type-product","3":"status-publish","4":"has-post-thumbnail","6":"product_cat-motos","8":"first","9":"instock","10":"shipping-taxable","11":"product-type-simple"},"yoast_head":"<!-- This site is optimized with the Yoast SEO plugin v27.6 - https:\/\/yoast.com\/product\/yoast-seo-wordpress\/ -->\n<title>Honda NX 500cc - Location Moto Discount<\/title>\n<meta name=\"robots\" content=\"index, follow, max-snippet:-1, max-image-preview:large, max-video-preview:-1\" \/>\n<link rel=\"canonical\" href=\"https:\/\/motolocdiscount.com\/it\/prodotto\/honda-nx-500cc\/\" \/>\n<meta property=\"og:locale\" content=\"it_IT\" \/>\n<meta property=\"og:type\" content=\"article\" \/>\n<meta property=\"og:title\" content=\"Honda NX 500cc - Location Moto Discount\" \/>\n<meta property=\"og:description\" content=\"A partir de 95 \u20ac   Honda NX 500 \u2013 L\u2019aventure accessible \u00e0 tous.  La Honda NX 500 est une moto polyvalente, id\u00e9ale pour les trajets urbains comme pour les longues escapades sur nos merveilleuses routes.  Dot\u00e9e d\u2019une hauteur de selle de 830 mm, elle offre une position de conduite confortable et rassurante pour une large gamme de pilotes.  Son r\u00e9servoir de 17,5 litres garantit une belle autonomie, parfaite pour les longues balades. Maniable, fiable et au style affirm\u00e9, la NX 500 est pr\u00eate \u00e0 vous accompagner partout.       Tarifs de location   Journ\u00e9e 95\u20ac   2 jours 170\u20ac   3 jours 250\u20ac   4 jours 330\u20ac   5 jours 400\u20ac   6 jours 470\u20ac   7 jours 540\u20ac   Jour suppl\u00e9mentaire 60\u20ac\" \/>\n<meta property=\"og:url\" content=\"https:\/\/motolocdiscount.com\/it\/prodotto\/honda-nx-500cc\/\" \/>\n<meta property=\"og:site_name\" content=\"Location Moto Discount\" \/>\n<meta property=\"article:modified_time\" content=\"2026-01-09T15:50:24+00:00\" \/>\n<meta property=\"og:image\" content=\"https:\/\/motolocdiscount.com\/wp-content\/uploads\/2025\/03\/NX-500.jpg\" \/>\n\t<meta property=\"og:image:width\" content=\"500\" \/>\n\t<meta property=\"og:image:height\" content=\"500\" \/>\n\t<meta property=\"og:image:type\" content=\"image\/jpeg\" \/>\n<meta name=\"twitter:card\" content=\"summary_large_image\" \/>\n<meta name=\"twitter:label1\" content=\"Tempo di lettura stimato\" \/>\n\t<meta name=\"twitter:data1\" content=\"1 minuto\" \/>\n<script type=\"application\/ld+json\" class=\"yoast-schema-graph\">{\"@context\":\"https:\\\/\\\/schema.org\",\"@graph\":[{\"@type\":\"WebPage\",\"@id\":\"https:\\\/\\\/motolocdiscount.com\\\/produit\\\/honda-nx-500cc\\\/\",\"url\":\"https:\\\/\\\/motolocdiscount.com\\\/produit\\\/honda-nx-500cc\\\/\",\"name\":\"Honda NX 500cc - Location Moto Discount\",\"isPartOf\":{\"@id\":\"https:\\\/\\\/motolocdiscount.com\\\/de\\\/#website\"},\"primaryImageOfPage\":{\"@id\":\"https:\\\/\\\/motolocdiscount.com\\\/produit\\\/honda-nx-500cc\\\/#primaryimage\"},\"image\":{\"@id\":\"https:\\\/\\\/motolocdiscount.com\\\/produit\\\/honda-nx-500cc\\\/#primaryimage\"},\"thumbnailUrl\":\"https:\\\/\\\/motolocdiscount.com\\\/wp-content\\\/uploads\\\/2025\\\/03\\\/NX-500.jpg\",\"datePublished\":\"2026-01-02T18:01:42+00:00\",\"dateModified\":\"2026-01-09T15:50:24+00:00\",\"breadcrumb\":{\"@id\":\"https:\\\/\\\/motolocdiscount.com\\\/produit\\\/honda-nx-500cc\\\/#breadcrumb\"},\"inLanguage\":\"it-IT\",\"potentialAction\":[{\"@type\":\"ReadAction\",\"target\":[\"https:\\\/\\\/motolocdiscount.com\\\/produit\\\/honda-nx-500cc\\\/\"]}]},{\"@type\":\"ImageObject\",\"inLanguage\":\"it-IT\",\"@id\":\"https:\\\/\\\/motolocdiscount.com\\\/produit\\\/honda-nx-500cc\\\/#primaryimage\",\"url\":\"https:\\\/\\\/motolocdiscount.com\\\/wp-content\\\/uploads\\\/2025\\\/03\\\/NX-500.jpg\",\"contentUrl\":\"https:\\\/\\\/motolocdiscount.com\\\/wp-content\\\/uploads\\\/2025\\\/03\\\/NX-500.jpg\",\"width\":500,\"height\":500},{\"@type\":\"BreadcrumbList\",\"@id\":\"https:\\\/\\\/motolocdiscount.com\\\/produit\\\/honda-nx-500cc\\\/#breadcrumb\",\"itemListElement\":[{\"@type\":\"ListItem\",\"position\":1,\"name\":\"Accueil\",\"item\":\"https:\\\/\\\/motolocdiscount.com\\\/\"},{\"@type\":\"ListItem\",\"position\":2,\"name\":\"Shop Classic &#8211; Sidebar\",\"item\":\"https:\\\/\\\/motolocdiscount.com\\\/shop-classic-sidebar\\\/\"},{\"@type\":\"ListItem\",\"position\":3,\"name\":\"Honda NX 500cc\"}]},{\"@type\":\"WebSite\",\"@id\":\"https:\\\/\\\/motolocdiscount.com\\\/de\\\/#website\",\"url\":\"https:\\\/\\\/motolocdiscount.com\\\/de\\\/\",\"name\":\"Location Moto Discount\",\"description\":\"Service de location de deux roues pour tous !\",\"potentialAction\":[{\"@type\":\"SearchAction\",\"target\":{\"@type\":\"EntryPoint\",\"urlTemplate\":\"https:\\\/\\\/motolocdiscount.com\\\/de\\\/?s={search_term_string}\"},\"query-input\":{\"@type\":\"PropertyValueSpecification\",\"valueRequired\":true,\"valueName\":\"search_term_string\"}}],\"inLanguage\":\"it-IT\"}]}<\/script>\n<!-- \/ Yoast SEO plugin. -->","yoast_head_json":{"title":"Honda NX 500cc - Location Moto Discount","robots":{"index":"index","follow":"follow","max-snippet":"max-snippet:-1","max-image-preview":"max-image-preview:large","max-video-preview":"max-video-preview:-1"},"canonical":"https:\/\/motolocdiscount.com\/it\/prodotto\/honda-nx-500cc\/","og_locale":"it_IT","og_type":"article","og_title":"Honda NX 500cc - Location Moto Discount","og_description":"A partir de 95 \u20ac   Honda NX 500 \u2013 L\u2019aventure accessible \u00e0 tous.  La Honda NX 500 est une moto polyvalente, id\u00e9ale pour les trajets urbains comme pour les longues escapades sur nos merveilleuses routes.  Dot\u00e9e d\u2019une hauteur de selle de 830 mm, elle offre une position de conduite confortable et rassurante pour une large gamme de pilotes.  Son r\u00e9servoir de 17,5 litres garantit une belle autonomie, parfaite pour les longues balades. Maniable, fiable et au style affirm\u00e9, la NX 500 est pr\u00eate \u00e0 vous accompagner partout.       Tarifs de location   Journ\u00e9e 95\u20ac   2 jours 170\u20ac   3 jours 250\u20ac   4 jours 330\u20ac   5 jours 400\u20ac   6 jours 470\u20ac   7 jours 540\u20ac   Jour suppl\u00e9mentaire 60\u20ac","og_url":"https:\/\/motolocdiscount.com\/it\/prodotto\/honda-nx-500cc\/","og_site_name":"Location Moto Discount","article_modified_time":"2026-01-09T15:50:24+00:00","og_image":[{"width":500,"height":500,"url":"https:\/\/motolocdiscount.com\/wp-content\/uploads\/2025\/03\/NX-500.jpg","type":"image\/jpeg"}],"twitter_card":"summary_large_image","twitter_misc":{"Tempo di lettura stimato":"1 minuto"},"schema":{"@context":"https:\/\/schema.org","@graph":[{"@type":"WebPage","@id":"https:\/\/motolocdiscount.com\/produit\/honda-nx-500cc\/","url":"https:\/\/motolocdiscount.com\/produit\/honda-nx-500cc\/","name":"Honda NX 500cc - Location Moto Discount","isPartOf":{"@id":"https:\/\/motolocdiscount.com\/de\/#website"},"primaryImageOfPage":{"@id":"https:\/\/motolocdiscount.com\/produit\/honda-nx-500cc\/#primaryimage"},"image":{"@id":"https:\/\/motolocdiscount.com\/produit\/honda-nx-500cc\/#primaryimage"},"thumbnailUrl":"https:\/\/motolocdiscount.com\/wp-content\/uploads\/2025\/03\/NX-500.jpg","datePublished":"2026-01-02T18:01:42+00:00","dateModified":"2026-01-09T15:50:24+00:00","breadcrumb":{"@id":"https:\/\/motolocdiscount.com\/produit\/honda-nx-500cc\/#breadcrumb"},"inLanguage":"it-IT","potentialAction":[{"@type":"ReadAction","target":["https:\/\/motolocdiscount.com\/produit\/honda-nx-500cc\/"]}]},{"@type":"ImageObject","inLanguage":"it-IT","@id":"https:\/\/motolocdiscount.com\/produit\/honda-nx-500cc\/#primaryimage","url":"https:\/\/motolocdiscount.com\/wp-content\/uploads\/2025\/03\/NX-500.jpg","contentUrl":"https:\/\/motolocdiscount.com\/wp-content\/uploads\/2025\/03\/NX-500.jpg","width":500,"height":500},{"@type":"BreadcrumbList","@id":"https:\/\/motolocdiscount.com\/produit\/honda-nx-500cc\/#breadcrumb","itemListElement":[{"@type":"ListItem","position":1,"name":"Accueil","item":"https:\/\/motolocdiscount.com\/"},{"@type":"ListItem","position":2,"name":"Shop Classic &#8211; Sidebar","item":"https:\/\/motolocdiscount.com\/shop-classic-sidebar\/"},{"@type":"ListItem","position":3,"name":"Honda NX 500cc"}]},{"@type":"WebSite","@id":"https:\/\/motolocdiscount.com\/de\/#website","url":"https:\/\/motolocdiscount.com\/de\/","name":"Location Moto Discount","description":"Service de location de deux roues pour tous !","potentialAction":[{"@type":"SearchAction","target":{"@type":"EntryPoint","urlTemplate":"https:\/\/motolocdiscount.com\/de\/?s={search_term_string}"},"query-input":{"@type":"PropertyValueSpecification","valueRequired":true,"valueName":"search_term_string"}}],"inLanguage":"it-IT"}]}},"_links":{"self":[{"href":"https:\/\/motolocdiscount.com\/it\/wp-json\/wp\/v2\/product\/5460","targetHints":{"allow":["GET"]}}],"collection":[{"href":"https:\/\/motolocdiscount.com\/it\/wp-json\/wp\/v2\/product"}],"about":[{"href":"https:\/\/motolocdiscount.com\/it\/wp-json\/wp\/v2\/types\/product"}],"wp:featuredmedia":[{"embeddable":true,"href":"https:\/\/motolocdiscount.com\/it\/wp-json\/wp\/v2\/media\/5471"}],"wp:attachment":[{"href":"https:\/\/motolocdiscount.com\/it\/wp-json\/wp\/v2\/media?parent=5460"}],"wp:term":[{"taxonomy":"product_brand","embeddable":true,"href":"https:\/\/motolocdiscount.com\/it\/wp-json\/wp\/v2\/product_brand?post=5460"},{"taxonomy":"product_cat","embeddable":true,"href":"https:\/\/motolocdiscount.com\/it\/wp-json\/wp\/v2\/product_cat?post=5460"},{"taxonomy":"product_tag","embeddable":true,"href":"https:\/\/motolocdiscount.com\/it\/wp-json\/wp\/v2\/product_tag?post=5460"}],"curies":[{"name":"wp","href":"https:\/\/api.w.org\/{rel}","templated":true}]}}