{"id":5178,"date":"2025-12-27T03:32:18","date_gmt":"2025-12-27T03:32:18","guid":{"rendered":"https:\/\/motolocdiscount.com\/?post_type=product&#038;p=5178"},"modified":"2026-01-09T15:51:58","modified_gmt":"2026-01-09T15:51:58","slug":"bmw-gs-850cc","status":"publish","type":"product","link":"https:\/\/motolocdiscount.com\/en_en\/product\/bmw-gs-850cc\/","title":{"rendered":"BMW GS 850cc"},"content":{"rendered":"<table style=\"width: 100% !important; max-width: 900px !important; margin: 0 auto !important; border-collapse: collapse !important; font-family: Arial, sans-serif !important; color: #333 !important; background-color: #fff !important;\">\n<thead><!-- Ligne d\u2019en\u2011t\u00eate : titre sur fond bleu --><\/p>\n<tr style=\"background-color: #033e61 !important; color: #fff !important;\">\n<th style=\"border: 1px solid #ccc !important; padding: 12px !important; text-align: center !important; text-transform: uppercase !important;\" colspan=\"2\">CONDITIONS &amp; INFORMATIONS<\/th>\n<\/tr>\n<p><!-- Ligne d\u2019en\u2011t\u00eate : Nom \/ D\u00e9tails --><\/p>\n<tr>\n<th style=\"border: 1px solid #ccc !important; padding: 12px !important; text-align: left !important; white-space: normal !important; word-wrap: break-word !important; text-transform: uppercase !important;\">Name<\/th>\n<th style=\"border: 1px solid #ccc !important; padding: 12px !important; text-align: left !important; white-space: normal !important; word-wrap: break-word !important; text-transform: uppercase !important;\">D\u00e9tails<\/th>\n<\/tr>\n<\/thead>\n<tbody><!-- 1 : \u00c2ge minimum (ligne blanche) --><\/p>\n<tr style=\"border: 1px solid #ccc !important;\">\n<td style=\"border: 1px solid #ccc !important; padding: 12px !important; white-space: normal !important; word-wrap: break-word !important;\">\u00c2ge minimum<\/td>\n<td style=\"border: 1px solid #ccc !important; padding: 12px !important;\">20 ans<\/td>\n<\/tr>\n<p><!-- 2 : Permis (ligne grise) --><\/p>\n<tr style=\"border: 1px solid #ccc !important; background-color: #f9f9f9 !important;\">\n<td style=\"border: 1px solid #ccc !important; padding: 12px !important;\">Driving licence<\/td>\n<td style=\"border: 1px solid #ccc !important; padding: 12px !important; white-space: normal !important; word-wrap: break-word !important;\">En cours de validit\u00e9 A ou A2, sans suspension ni retrait dans les 3 derni\u00e8res ann\u00e9es<\/td>\n<\/tr>\n<p><!-- 3 : Pi\u00e8ce d'identit\u00e9 (ligne blanche) --><\/p>\n<tr style=\"border: 1px solid #ccc !important;\">\n<td style=\"border: 1px solid #ccc !important; padding: 12px !important;\">Pi\u00e8ce d&rsquo;identit\u00e9<\/td>\n<td style=\"border: 1px solid #ccc !important; padding: 12px !important;\">En cours de validit\u00e9<\/td>\n<\/tr>\n<p><!-- 4 : D\u00e9p\u00f4t de garantie (ligne grise) --><\/p>\n<tr style=\"border: 1px solid #ccc !important; background-color: #f9f9f9 !important;\">\n<td style=\"border: 1px solid #ccc !important; padding: 12px !important;\">D\u00e9p\u00f4t de garantie<\/td>\n<td style=\"border: 1px solid #ccc !important; padding: 12px !important;\">2500 \u20ac (non d\u00e9bit\u00e9), par carte bancaire uniquement<\/td>\n<\/tr>\n<p><!-- 5 : \u00c9quipement fourni (ligne blanche) --><\/p>\n<tr style=\"border: 1px solid #ccc !important;\">\n<td style=\"border: 1px solid #ccc !important; padding: 12px !important;\">\u00c9quipement fourni<\/td>\n<td style=\"border: 1px solid #ccc !important; padding: 12px !important;\">Tous nos scooters et motos sont \u00e9quip\u00e9s de top case, casques, gants et antivol<\/td>\n<\/tr>\n<p><!-- 6 : Kilom\u00e9trage (ligne grise) --><\/p>\n<tr style=\"border: 1px solid #ccc !important; background-color: #f9f9f9 !important;\">\n<td style=\"border: 1px solid #ccc !important; padding: 12px !important;\">Kilom\u00e9trage<\/td>\n<td style=\"border: 1px solid #ccc !important; padding: 12px !important;\">Illimit\u00e9<\/td>\n<\/tr>\n<p><!-- 7 : Assurance (ligne blanche) --><\/p>\n<tr style=\"border: 1px solid #ccc !important;\">\n<td style=\"border: 1px solid #ccc !important; padding: 12px !important;\">Assurance<\/td>\n<td style=\"border: 1px solid #ccc !important; padding: 12px !important;\">Incluse<\/td>\n<\/tr>\n<p><!-- 8 : Assurance Crevaison (ligne grise, ajout\u00e9e) --><\/p>\n<tr style=\"border: 1px solid #ccc !important; background-color: #f9f9f9 !important;\">\n<td style=\"border: 1px solid #ccc !important; padding: 12px !important;\">Assurance Crevaison<\/td>\n<td style=\"border: 1px solid #ccc !important; padding: 12px !important;\">Option : 15\u00a0\u20ac pour la dur\u00e9e totale du s\u00e9jour<\/td>\n<\/tr>\n<\/tbody>\n<\/table>","protected":false},"excerpt":{"rendered":"<p><strong><span style=\"color: #ff9900;\"><span style=\"color: #333333;\">Starting from<\/span>\u00a0<span style=\"font-size: hight;\">140 \u20ac <\/span><\/span><\/strong><\/p>\n<p>La BMW F 850 GS est con\u00e7ue pour vous pr\u00e9parer \u00e0 affronter toutes les situations. Gr\u00e2ce \u00e0 ses multiples fonctionnalit\u00e9s, elle offre s\u00e9curit\u00e9 et confort, particuli\u00e8rement sur les routes aux conditions vari\u00e9es, tout en garantissant un plaisir de conduite exceptionnel. \u00c9quip\u00e9e de valises lat\u00e9rales et d&rsquo;un top case, elle assure une solution de rangement compl\u00e8te pour toutes vos aventures. De plus, elle propose en option un support de t\u00e9l\u00e9phone BMW \u00e9quip\u00e9 d&rsquo;un syst\u00e8me de charge par induction, pour rester connect\u00e9 en toute circonstance.<\/p>\n<p><img decoding=\"async\" class=\"alignnone wp-image-5392\" src=\"https:\/\/motolocdiscount.com\/wp-content\/uploads\/2025\/03\/PERMIS_A-min.png\" alt=\"\" width=\"70\" height=\"70\" srcset=\"https:\/\/motolocdiscount.com\/wp-content\/uploads\/2025\/03\/PERMIS_A-min-12x12.png 12w, https:\/\/motolocdiscount.com\/wp-content\/uploads\/2025\/03\/PERMIS_A-min-66x66.png 66w, https:\/\/motolocdiscount.com\/wp-content\/uploads\/2025\/03\/PERMIS_A-min-150x150.png 150w, https:\/\/motolocdiscount.com\/wp-content\/uploads\/2025\/03\/PERMIS_A-min-200x200.png 200w, https:\/\/motolocdiscount.com\/wp-content\/uploads\/2025\/03\/PERMIS_A-min-300x300.png 300w, https:\/\/motolocdiscount.com\/wp-content\/uploads\/2025\/03\/PERMIS_A-min-400x400.png 400w, https:\/\/motolocdiscount.com\/wp-content\/uploads\/2025\/03\/PERMIS_A-min.png 500w\" sizes=\"(max-width: 70px) 100vw, 70px\" \/> <img decoding=\"async\" class=\"alignnone wp-image-5393\" src=\"https:\/\/motolocdiscount.com\/wp-content\/uploads\/2025\/03\/permis-A2-min.png\" alt=\"\" width=\"70\" height=\"70\" srcset=\"https:\/\/motolocdiscount.com\/wp-content\/uploads\/2025\/03\/permis-A2-min-12x12.png 12w, https:\/\/motolocdiscount.com\/wp-content\/uploads\/2025\/03\/permis-A2-min-66x66.png 66w, https:\/\/motolocdiscount.com\/wp-content\/uploads\/2025\/03\/permis-A2-min-150x150.png 150w, https:\/\/motolocdiscount.com\/wp-content\/uploads\/2025\/03\/permis-A2-min-200x200.png 200w, https:\/\/motolocdiscount.com\/wp-content\/uploads\/2025\/03\/permis-A2-min-300x300.png 300w, https:\/\/motolocdiscount.com\/wp-content\/uploads\/2025\/03\/permis-A2-min-400x400.png 400w, https:\/\/motolocdiscount.com\/wp-content\/uploads\/2025\/03\/permis-A2-min.png 500w\" sizes=\"(max-width: 70px) 100vw, 70px\" \/><\/p>\n<p><img decoding=\"async\" class=\"alignnone wp-image-5182 size-fusion-600\" src=\"https:\/\/motolocdiscount.com\/wp-content\/uploads\/2024\/03\/support-mobile-600x446.jpg\" alt=\"\" width=\"600\" height=\"446\" srcset=\"https:\/\/motolocdiscount.com\/wp-content\/uploads\/2024\/03\/support-mobile-16x12.jpg 16w, https:\/\/motolocdiscount.com\/wp-content\/uploads\/2024\/03\/support-mobile-200x149.jpg 200w, https:\/\/motolocdiscount.com\/wp-content\/uploads\/2024\/03\/support-mobile-300x223.jpg 300w, https:\/\/motolocdiscount.com\/wp-content\/uploads\/2024\/03\/support-mobile-400x297.jpg 400w, https:\/\/motolocdiscount.com\/wp-content\/uploads\/2024\/03\/support-mobile-500x371.jpg 500w, https:\/\/motolocdiscount.com\/wp-content\/uploads\/2024\/03\/support-mobile-600x446.jpg 600w, https:\/\/motolocdiscount.com\/wp-content\/uploads\/2024\/03\/support-mobile-700x520.jpg 700w, https:\/\/motolocdiscount.com\/wp-content\/uploads\/2024\/03\/support-mobile-768x570.jpg 768w, https:\/\/motolocdiscount.com\/wp-content\/uploads\/2024\/03\/support-mobile.jpg 800w\" sizes=\"(max-width: 600px) 100vw, 600px\" \/><\/p>\n<div class=\"table-1\">\n<table style=\"width: 100%; border-collapse: collapse;\">\n<tbody>\n<tr>\n<td style=\"text-align: center; border: 1px solid #ccc; background-color: #033e61; color: white;\" colspan=\"2\"><strong>Tarifs de location<\/strong><\/td>\n<\/tr>\n<tr>\n<td style=\"text-align: center; border: 1px solid #ccc; background-color: #f9f9f9;\">Journ\u00e9e<\/td>\n<td style=\"text-align: center; border: 1px solid #ccc; background-color: #f9f9f9;\">140\u20ac<\/td>\n<\/tr>\n<tr>\n<td style=\"text-align: center; border: 1px solid #ccc; background-color: #f9f9f9;\">2 jours<\/td>\n<td style=\"text-align: center; border: 1px solid #ccc; background-color: #f9f9f9;\">260\u20ac<\/td>\n<\/tr>\n<tr>\n<td style=\"text-align: center; border: 1px solid #ccc; background-color: #f9f9f9;\">3 days<\/td>\n<td style=\"text-align: center; border: 1px solid #ccc; background-color: #f9f9f9;\">380\u20ac<\/td>\n<\/tr>\n<tr>\n<td style=\"text-align: center; border: 1px solid #ccc; background-color: #f9f9f9;\">4 days<\/td>\n<td style=\"text-align: center; border: 1px solid #ccc; background-color: #f9f9f9;\">500\u20ac<\/td>\n<\/tr>\n<tr>\n<td style=\"text-align: center; border: 1px solid #ccc; background-color: #f9f9f9;\">5 days<\/td>\n<td style=\"text-align: center; border: 1px solid #ccc; background-color: #f9f9f9;\">600\u20ac<\/td>\n<\/tr>\n<tr>\n<td style=\"text-align: center; border: 1px solid #ccc; background-color: #f9f9f9;\">6 days<\/td>\n<td style=\"text-align: center; border: 1px solid #ccc; background-color: #f9f9f9;\">700\u20ac<\/td>\n<\/tr>\n<tr>\n<td style=\"text-align: center; border: 1px solid #ccc; background-color: #f9f9f9;\">7 days<\/td>\n<td style=\"text-align: center; border: 1px solid #ccc; background-color: #f9f9f9;\">780\u20ac<\/td>\n<\/tr>\n<tr>\n<td style=\"text-align: center; border: 1px solid #ccc; background-color: #f9f9f9;\">Jour suppl\u00e9mentaire<\/td>\n<td style=\"text-align: center; border: 1px solid #ccc; background-color: #d3d3d3;\">70\u20ac<\/td>\n<\/tr>\n<\/tbody>\n<\/table>\n<\/div>","protected":false},"featured_media":5381,"template":"","meta":[],"product_brand":[],"product_cat":[97],"product_tag":[],"class_list":{"0":"post-5178","1":"product","2":"type-product","3":"status-publish","4":"has-post-thumbnail","6":"product_cat-motos","8":"first","9":"instock","10":"shipping-taxable","11":"product-type-simple"},"yoast_head":"<!-- This site is optimized with the Yoast SEO plugin v27.6 - https:\/\/yoast.com\/product\/yoast-seo-wordpress\/ -->\n<title>BMW GS 850cc - Location Moto Discount<\/title>\n<meta name=\"robots\" content=\"index, follow, max-snippet:-1, max-image-preview:large, max-video-preview:-1\" \/>\n<link rel=\"canonical\" href=\"https:\/\/motolocdiscount.com\/en_en\/product\/bmw-gs-850cc\/\" \/>\n<meta property=\"og:locale\" content=\"en_GB\" \/>\n<meta property=\"og:type\" content=\"article\" \/>\n<meta property=\"og:title\" content=\"BMW GS 850cc - Location Moto Discount\" \/>\n<meta property=\"og:description\" content=\"A partir de\u00a0140 \u20ac   La BMW F 850 GS est con\u00e7ue pour vous pr\u00e9parer \u00e0 affronter toutes les situations. Gr\u00e2ce \u00e0 ses multiples fonctionnalit\u00e9s, elle offre s\u00e9curit\u00e9 et confort, particuli\u00e8rement sur les routes aux conditions vari\u00e9es, tout en garantissant un plaisir de conduite exceptionnel. \u00c9quip\u00e9e de valises lat\u00e9rales et d&#039;un top case, elle assure une solution de rangement compl\u00e8te pour toutes vos aventures. De plus, elle propose en option un support de t\u00e9l\u00e9phone BMW \u00e9quip\u00e9 d&#039;un syst\u00e8me de charge par induction, pour rester connect\u00e9 en toute circonstance.          Tarifs de location   Journ\u00e9e 140\u20ac   2 jours 260\u20ac   3 jours 380\u20ac   4 jours 500\u20ac   5 jours 600\u20ac   6 jours 700\u20ac   7 jours 780\u20ac   Jour suppl\u00e9mentaire 70\u20ac\" \/>\n<meta property=\"og:url\" content=\"https:\/\/motolocdiscount.com\/en_en\/product\/bmw-gs-850cc\/\" \/>\n<meta property=\"og:site_name\" content=\"Location Moto Discount\" \/>\n<meta property=\"article:modified_time\" content=\"2026-01-09T15:51:58+00:00\" \/>\n<meta property=\"og:image\" content=\"https:\/\/motolocdiscount.com\/wp-content\/uploads\/2025\/03\/BMW-GS-850cc.jpg\" \/>\n\t<meta property=\"og:image:width\" content=\"500\" \/>\n\t<meta property=\"og:image:height\" content=\"500\" \/>\n\t<meta property=\"og:image:type\" content=\"image\/jpeg\" \/>\n<meta name=\"twitter:card\" content=\"summary_large_image\" \/>\n<meta name=\"twitter:label1\" content=\"Estimated reading time\" \/>\n\t<meta name=\"twitter:data1\" content=\"1 minute\" \/>\n<script type=\"application\/ld+json\" class=\"yoast-schema-graph\">{\"@context\":\"https:\\\/\\\/schema.org\",\"@graph\":[{\"@type\":\"WebPage\",\"@id\":\"https:\\\/\\\/motolocdiscount.com\\\/produit\\\/bmw-gs-850cc\\\/\",\"url\":\"https:\\\/\\\/motolocdiscount.com\\\/produit\\\/bmw-gs-850cc\\\/\",\"name\":\"BMW GS 850cc - Location Moto Discount\",\"isPartOf\":{\"@id\":\"https:\\\/\\\/motolocdiscount.com\\\/de\\\/#website\"},\"primaryImageOfPage\":{\"@id\":\"https:\\\/\\\/motolocdiscount.com\\\/produit\\\/bmw-gs-850cc\\\/#primaryimage\"},\"image\":{\"@id\":\"https:\\\/\\\/motolocdiscount.com\\\/produit\\\/bmw-gs-850cc\\\/#primaryimage\"},\"thumbnailUrl\":\"https:\\\/\\\/motolocdiscount.com\\\/wp-content\\\/uploads\\\/2025\\\/03\\\/BMW-GS-850cc.jpg\",\"datePublished\":\"2025-12-27T03:32:18+00:00\",\"dateModified\":\"2026-01-09T15:51:58+00:00\",\"breadcrumb\":{\"@id\":\"https:\\\/\\\/motolocdiscount.com\\\/produit\\\/bmw-gs-850cc\\\/#breadcrumb\"},\"inLanguage\":\"en-GB\",\"potentialAction\":[{\"@type\":\"ReadAction\",\"target\":[\"https:\\\/\\\/motolocdiscount.com\\\/produit\\\/bmw-gs-850cc\\\/\"]}]},{\"@type\":\"ImageObject\",\"inLanguage\":\"en-GB\",\"@id\":\"https:\\\/\\\/motolocdiscount.com\\\/produit\\\/bmw-gs-850cc\\\/#primaryimage\",\"url\":\"https:\\\/\\\/motolocdiscount.com\\\/wp-content\\\/uploads\\\/2025\\\/03\\\/BMW-GS-850cc.jpg\",\"contentUrl\":\"https:\\\/\\\/motolocdiscount.com\\\/wp-content\\\/uploads\\\/2025\\\/03\\\/BMW-GS-850cc.jpg\",\"width\":500,\"height\":500},{\"@type\":\"BreadcrumbList\",\"@id\":\"https:\\\/\\\/motolocdiscount.com\\\/produit\\\/bmw-gs-850cc\\\/#breadcrumb\",\"itemListElement\":[{\"@type\":\"ListItem\",\"position\":1,\"name\":\"Accueil\",\"item\":\"https:\\\/\\\/motolocdiscount.com\\\/\"},{\"@type\":\"ListItem\",\"position\":2,\"name\":\"Shop Classic &#8211; Sidebar\",\"item\":\"https:\\\/\\\/motolocdiscount.com\\\/shop-classic-sidebar\\\/\"},{\"@type\":\"ListItem\",\"position\":3,\"name\":\"BMW GS 850cc\"}]},{\"@type\":\"WebSite\",\"@id\":\"https:\\\/\\\/motolocdiscount.com\\\/de\\\/#website\",\"url\":\"https:\\\/\\\/motolocdiscount.com\\\/de\\\/\",\"name\":\"Location Moto Discount\",\"description\":\"Service de location de deux roues pour tous !\",\"potentialAction\":[{\"@type\":\"SearchAction\",\"target\":{\"@type\":\"EntryPoint\",\"urlTemplate\":\"https:\\\/\\\/motolocdiscount.com\\\/de\\\/?s={search_term_string}\"},\"query-input\":{\"@type\":\"PropertyValueSpecification\",\"valueRequired\":true,\"valueName\":\"search_term_string\"}}],\"inLanguage\":\"en-GB\"}]}<\/script>\n<!-- \/ Yoast SEO plugin. -->","yoast_head_json":{"title":"BMW GS 850cc - Location Moto Discount","robots":{"index":"index","follow":"follow","max-snippet":"max-snippet:-1","max-image-preview":"max-image-preview:large","max-video-preview":"max-video-preview:-1"},"canonical":"https:\/\/motolocdiscount.com\/en_en\/product\/bmw-gs-850cc\/","og_locale":"en_GB","og_type":"article","og_title":"BMW GS 850cc - Location Moto Discount","og_description":"A partir de\u00a0140 \u20ac   La BMW F 850 GS est con\u00e7ue pour vous pr\u00e9parer \u00e0 affronter toutes les situations. Gr\u00e2ce \u00e0 ses multiples fonctionnalit\u00e9s, elle offre s\u00e9curit\u00e9 et confort, particuli\u00e8rement sur les routes aux conditions vari\u00e9es, tout en garantissant un plaisir de conduite exceptionnel. \u00c9quip\u00e9e de valises lat\u00e9rales et d'un top case, elle assure une solution de rangement compl\u00e8te pour toutes vos aventures. De plus, elle propose en option un support de t\u00e9l\u00e9phone BMW \u00e9quip\u00e9 d'un syst\u00e8me de charge par induction, pour rester connect\u00e9 en toute circonstance.          Tarifs de location   Journ\u00e9e 140\u20ac   2 jours 260\u20ac   3 jours 380\u20ac   4 jours 500\u20ac   5 jours 600\u20ac   6 jours 700\u20ac   7 jours 780\u20ac   Jour suppl\u00e9mentaire 70\u20ac","og_url":"https:\/\/motolocdiscount.com\/en_en\/product\/bmw-gs-850cc\/","og_site_name":"Location Moto Discount","article_modified_time":"2026-01-09T15:51:58+00:00","og_image":[{"width":500,"height":500,"url":"https:\/\/motolocdiscount.com\/wp-content\/uploads\/2025\/03\/BMW-GS-850cc.jpg","type":"image\/jpeg"}],"twitter_card":"summary_large_image","twitter_misc":{"Estimated reading time":"1 minute"},"schema":{"@context":"https:\/\/schema.org","@graph":[{"@type":"WebPage","@id":"https:\/\/motolocdiscount.com\/produit\/bmw-gs-850cc\/","url":"https:\/\/motolocdiscount.com\/produit\/bmw-gs-850cc\/","name":"BMW GS 850cc - Location Moto Discount","isPartOf":{"@id":"https:\/\/motolocdiscount.com\/de\/#website"},"primaryImageOfPage":{"@id":"https:\/\/motolocdiscount.com\/produit\/bmw-gs-850cc\/#primaryimage"},"image":{"@id":"https:\/\/motolocdiscount.com\/produit\/bmw-gs-850cc\/#primaryimage"},"thumbnailUrl":"https:\/\/motolocdiscount.com\/wp-content\/uploads\/2025\/03\/BMW-GS-850cc.jpg","datePublished":"2025-12-27T03:32:18+00:00","dateModified":"2026-01-09T15:51:58+00:00","breadcrumb":{"@id":"https:\/\/motolocdiscount.com\/produit\/bmw-gs-850cc\/#breadcrumb"},"inLanguage":"en-GB","potentialAction":[{"@type":"ReadAction","target":["https:\/\/motolocdiscount.com\/produit\/bmw-gs-850cc\/"]}]},{"@type":"ImageObject","inLanguage":"en-GB","@id":"https:\/\/motolocdiscount.com\/produit\/bmw-gs-850cc\/#primaryimage","url":"https:\/\/motolocdiscount.com\/wp-content\/uploads\/2025\/03\/BMW-GS-850cc.jpg","contentUrl":"https:\/\/motolocdiscount.com\/wp-content\/uploads\/2025\/03\/BMW-GS-850cc.jpg","width":500,"height":500},{"@type":"BreadcrumbList","@id":"https:\/\/motolocdiscount.com\/produit\/bmw-gs-850cc\/#breadcrumb","itemListElement":[{"@type":"ListItem","position":1,"name":"Accueil","item":"https:\/\/motolocdiscount.com\/"},{"@type":"ListItem","position":2,"name":"Shop Classic &#8211; Sidebar","item":"https:\/\/motolocdiscount.com\/shop-classic-sidebar\/"},{"@type":"ListItem","position":3,"name":"BMW GS 850cc"}]},{"@type":"WebSite","@id":"https:\/\/motolocdiscount.com\/de\/#website","url":"https:\/\/motolocdiscount.com\/de\/","name":"Location Moto Discount","description":"Service de location de deux roues pour tous !","potentialAction":[{"@type":"SearchAction","target":{"@type":"EntryPoint","urlTemplate":"https:\/\/motolocdiscount.com\/de\/?s={search_term_string}"},"query-input":{"@type":"PropertyValueSpecification","valueRequired":true,"valueName":"search_term_string"}}],"inLanguage":"en-GB"}]}},"_links":{"self":[{"href":"https:\/\/motolocdiscount.com\/en_en\/wp-json\/wp\/v2\/product\/5178","targetHints":{"allow":["GET"]}}],"collection":[{"href":"https:\/\/motolocdiscount.com\/en_en\/wp-json\/wp\/v2\/product"}],"about":[{"href":"https:\/\/motolocdiscount.com\/en_en\/wp-json\/wp\/v2\/types\/product"}],"wp:featuredmedia":[{"embeddable":true,"href":"https:\/\/motolocdiscount.com\/en_en\/wp-json\/wp\/v2\/media\/5381"}],"wp:attachment":[{"href":"https:\/\/motolocdiscount.com\/en_en\/wp-json\/wp\/v2\/media?parent=5178"}],"wp:term":[{"taxonomy":"product_brand","embeddable":true,"href":"https:\/\/motolocdiscount.com\/en_en\/wp-json\/wp\/v2\/product_brand?post=5178"},{"taxonomy":"product_cat","embeddable":true,"href":"https:\/\/motolocdiscount.com\/en_en\/wp-json\/wp\/v2\/product_cat?post=5178"},{"taxonomy":"product_tag","embeddable":true,"href":"https:\/\/motolocdiscount.com\/en_en\/wp-json\/wp\/v2\/product_tag?post=5178"}],"curies":[{"name":"wp","href":"https:\/\/api.w.org\/{rel}","templated":true}]}}