{"id":4499,"date":"2021-07-17T15:06:45","date_gmt":"2021-07-17T15:06:45","guid":{"rendered":"https:\/\/motolocdiscount.com\/?page_id=4499"},"modified":"2024-03-20T13:19:58","modified_gmt":"2024-03-20T13:19:58","slug":"mentions-legales","status":"publish","type":"page","link":"https:\/\/motolocdiscount.com\/en_en\/mentions-legales\/","title":{"rendered":"Legal information"},"content":{"rendered":"<div class=\"fusion-fullwidth fullwidth-box fusion-builder-row-1 fusion-flex-container nonhundred-percent-fullwidth non-hundred-percent-height-scrolling\" style=\"--awb-border-radius-top-left:0px;--awb-border-radius-top-right:0px;--awb-border-radius-bottom-right:0px;--awb-border-radius-bottom-left:0px;--awb-flex-wrap:wrap;\" ><div class=\"fusion-builder-row fusion-row fusion-flex-align-items-flex-start fusion-flex-content-wrap\" style=\"max-width:1430px;margin-left: calc(-4% \/ 2 );margin-right: calc(-4% \/ 2 );\"><div class=\"fusion-layout-column fusion_builder_column fusion-builder-column-0 fusion_builder_column_1_1 1_1 fusion-flex-column\" style=\"--awb-bg-size:cover;--awb-width-large:100%;--awb-margin-top-large:0px;--awb-spacing-right-large:1.92%;--awb-margin-bottom-large:20px;--awb-spacing-left-large:1.92%;--awb-width-medium:100%;--awb-order-medium:0;--awb-spacing-right-medium:1.92%;--awb-spacing-left-medium:1.92%;--awb-width-small:100%;--awb-order-small:0;--awb-spacing-right-small:1.92%;--awb-spacing-left-small:1.92%;\"><div class=\"fusion-column-wrapper fusion-column-has-shadow fusion-flex-justify-content-flex-start fusion-content-layout-column\"><div class=\"fusion-text fusion-text-1\" style=\"--awb-content-alignment:center;\"><h1>Legal information<\/h1>\n<\/div><div class=\"fusion-text fusion-text-2\"><h2>Registration<\/h2>\n<p>Location et vente de motos et tous v\u00e9hicules \u00e0 2 roues.<\/p>\n<div class=\"frame\"><strong>RCS :\u00a0<\/strong>821 518 859 R.C.S Ajaccio<\/div>\n<div class=\"frame\"><strong>RS :<\/strong> CORSE LUXE PRESTIGE- SAS au capital de 1 000 EUR<\/div>\n<div><\/div>\n<h2>Data processing<\/h2>\n<p class=\"mentions\">The information you provide is intended for<strong> CORSE LUXE PRESTIGE<\/strong><br \/>\nIn any case, the data collected on the site <strong>www.motolocdiscount.com<\/strong> will not be transferred or sold to third parties<br \/>\nNo email addresses will be passed on to third parties, including our partners, except with the express consent of those concerned.<br \/>\nYou have the right to access, modify, rectify and delete data concerning you (art. 34 of the law \"Informatique et libert\u00e9s\" of 06\/01\/78).<br \/>\nTo exercise this right, please contact :<\/p>\n<p><strong>CORSE LUXE PRESTIGE<\/strong><\/p>\n<p>5 Bd Sampiero<br \/>\n20000 AJACCIO<\/p>\n<h2>Copyright<\/h2>\n<p class=\"mentions\">In accordance with the texts and provisions governing copyright, literary and artistic property rights and\/or related rights, the reproduction, representation and use of all or part of the elements making up the site <strong>www.motolocdiscount.com<\/strong> \u00e0 des fins autres que priv\u00e9es sont interdites sans autorisation \u00e9crite de l&rsquo;\u00e9diteur du site.<br \/>\nThe images and texts on this site are the exclusive property of <strong>CORSE LUXE PRESTIGE<\/strong> and may not be downloaded, distributed, stored, recorded, reused, retransmitted, modified and more generally used for any other purpose or in any other way than those expressly mentioned herein, without the prior written authorisation of the site editor.<br \/>\nThe law makes it an offence to reproduce, represent or distribute, by any means whatsoever, an intellectual work in violation of the author's rights, as defined and regulated by law (CPI, art L.335-3).<\/p>\n<h2>Links to third party sites<\/h2>\n<p class=\"mentions\">The website <strong>www.motolocdiscount.com <\/strong> contains hyperlinks directing users to websites managed by third parties. These sites are not managed by <strong>CORSE LUXE PRESTIGE<\/strong>, the latter cannot be held responsible for their content (quality, truthfulness, relevance) or for any difficulties that the Internet user may encounter in accessing them.<\/p>\n<h2>Publisher information and contact details<\/h2>\n<p>This site is published by the company<strong> CORSE LUXE PRESTIGE<\/strong>, 5 Bd Sampiero 20000 AJACCIO<\/p>\n<p>Director of publication: STUDIO ORBA<\/p>\n<p>Contact the publication manager: contact@studio-orba.com<\/p>\n<p>The site is hosted by 1&amp;1 IONOS SARL 7 place de la Gare 57201 SARREGUEMINES<\/p>\n<div class=\"cms-block\">\n<h2>Protection of personal data<\/h2>\n<p>In accordance with the recommendations of the CNIL, we inform you that you have a right of access to your data, rectification and deletion, as well as a right of limitation, portability and a right of opposition.<\/p>\n<p>You can exercise this right by writing to :<\/p>\n<div class=\"center\">\n<div class=\"frame\"><strong>CORSE LUXE PRESTIGE<\/strong><\/div>\n<div class=\"frame\">5 Bd Sampiero<br \/>\n20000 AJACCIO<\/div>\n<\/div>\n<p>Ou par le formulaire de contact.<\/p>\n<p><em>We will do our utmost to respond satisfactorily to your requests. If, for any reason, you consider that our response is not satisfactory, we inform you that you can lodge a complaint with the CNIL.<\/em><\/p>\n<\/div>\n<\/div><\/div><\/div><\/div><\/div>","protected":false},"excerpt":{"rendered":"","protected":false},"author":2,"featured_media":0,"parent":0,"menu_order":0,"comment_status":"closed","ping_status":"closed","template":"","meta":{"footnotes":""},"class_list":["post-4499","page","type-page","status-publish","hentry"],"yoast_head":"<!-- This site is optimized with the Yoast SEO plugin v27.5 - https:\/\/yoast.com\/product\/yoast-seo-wordpress\/ -->\n<title>Mentions l\u00e9gales - Location Moto Discount<\/title>\n<meta name=\"robots\" content=\"noindex, nofollow\" \/>\n<meta property=\"og:locale\" content=\"en_GB\" \/>\n<meta property=\"og:type\" content=\"article\" \/>\n<meta property=\"og:title\" content=\"Mentions l\u00e9gales - Location Moto Discount\" \/>\n<meta property=\"og:url\" content=\"https:\/\/motolocdiscount.com\/en_en\/mentions-legales\/\" \/>\n<meta property=\"og:site_name\" content=\"Location Moto Discount\" \/>\n<meta property=\"article:modified_time\" content=\"2024-03-20T13:19:58+00:00\" \/>\n<meta name=\"twitter:card\" content=\"summary_large_image\" \/>\n<meta name=\"twitter:label1\" content=\"Estimated reading time\" \/>\n\t<meta name=\"twitter:data1\" content=\"3 minutes\" \/>\n<script type=\"application\/ld+json\" class=\"yoast-schema-graph\">{\"@context\":\"https:\\\/\\\/schema.org\",\"@graph\":[{\"@type\":\"WebPage\",\"@id\":\"https:\\\/\\\/motolocdiscount.com\\\/mentions-legales\\\/\",\"url\":\"https:\\\/\\\/motolocdiscount.com\\\/mentions-legales\\\/\",\"name\":\"Mentions l\u00e9gales - Location Moto Discount\",\"isPartOf\":{\"@id\":\"https:\\\/\\\/motolocdiscount.com\\\/de\\\/#website\"},\"datePublished\":\"2021-07-17T15:06:45+00:00\",\"dateModified\":\"2024-03-20T13:19:58+00:00\",\"breadcrumb\":{\"@id\":\"https:\\\/\\\/motolocdiscount.com\\\/mentions-legales\\\/#breadcrumb\"},\"inLanguage\":\"en-GB\",\"potentialAction\":[{\"@type\":\"ReadAction\",\"target\":[\"https:\\\/\\\/motolocdiscount.com\\\/mentions-legales\\\/\"]}]},{\"@type\":\"BreadcrumbList\",\"@id\":\"https:\\\/\\\/motolocdiscount.com\\\/mentions-legales\\\/#breadcrumb\",\"itemListElement\":[{\"@type\":\"ListItem\",\"position\":1,\"name\":\"Accueil\",\"item\":\"https:\\\/\\\/motolocdiscount.com\\\/\"},{\"@type\":\"ListItem\",\"position\":2,\"name\":\"Mentions l\u00e9gales\"}]},{\"@type\":\"WebSite\",\"@id\":\"https:\\\/\\\/motolocdiscount.com\\\/de\\\/#website\",\"url\":\"https:\\\/\\\/motolocdiscount.com\\\/de\\\/\",\"name\":\"Location Moto Discount\",\"description\":\"Service de location de deux roues pour tous !\",\"potentialAction\":[{\"@type\":\"SearchAction\",\"target\":{\"@type\":\"EntryPoint\",\"urlTemplate\":\"https:\\\/\\\/motolocdiscount.com\\\/de\\\/?s={search_term_string}\"},\"query-input\":{\"@type\":\"PropertyValueSpecification\",\"valueRequired\":true,\"valueName\":\"search_term_string\"}}],\"inLanguage\":\"en-GB\"}]}<\/script>\n<!-- \/ Yoast SEO plugin. -->","yoast_head_json":{"title":"Mentions l\u00e9gales - Location Moto Discount","robots":{"index":"noindex","follow":"nofollow"},"og_locale":"en_GB","og_type":"article","og_title":"Mentions l\u00e9gales - Location Moto Discount","og_url":"https:\/\/motolocdiscount.com\/en_en\/mentions-legales\/","og_site_name":"Location Moto Discount","article_modified_time":"2024-03-20T13:19:58+00:00","twitter_card":"summary_large_image","twitter_misc":{"Estimated reading time":"3 minutes"},"schema":{"@context":"https:\/\/schema.org","@graph":[{"@type":"WebPage","@id":"https:\/\/motolocdiscount.com\/mentions-legales\/","url":"https:\/\/motolocdiscount.com\/mentions-legales\/","name":"Mentions l\u00e9gales - Location Moto Discount","isPartOf":{"@id":"https:\/\/motolocdiscount.com\/de\/#website"},"datePublished":"2021-07-17T15:06:45+00:00","dateModified":"2024-03-20T13:19:58+00:00","breadcrumb":{"@id":"https:\/\/motolocdiscount.com\/mentions-legales\/#breadcrumb"},"inLanguage":"en-GB","potentialAction":[{"@type":"ReadAction","target":["https:\/\/motolocdiscount.com\/mentions-legales\/"]}]},{"@type":"BreadcrumbList","@id":"https:\/\/motolocdiscount.com\/mentions-legales\/#breadcrumb","itemListElement":[{"@type":"ListItem","position":1,"name":"Accueil","item":"https:\/\/motolocdiscount.com\/"},{"@type":"ListItem","position":2,"name":"Mentions l\u00e9gales"}]},{"@type":"WebSite","@id":"https:\/\/motolocdiscount.com\/de\/#website","url":"https:\/\/motolocdiscount.com\/de\/","name":"Location Moto Discount","description":"Service de location de deux roues pour tous !","potentialAction":[{"@type":"SearchAction","target":{"@type":"EntryPoint","urlTemplate":"https:\/\/motolocdiscount.com\/de\/?s={search_term_string}"},"query-input":{"@type":"PropertyValueSpecification","valueRequired":true,"valueName":"search_term_string"}}],"inLanguage":"en-GB"}]}},"_links":{"self":[{"href":"https:\/\/motolocdiscount.com\/en_en\/wp-json\/wp\/v2\/pages\/4499","targetHints":{"allow":["GET"]}}],"collection":[{"href":"https:\/\/motolocdiscount.com\/en_en\/wp-json\/wp\/v2\/pages"}],"about":[{"href":"https:\/\/motolocdiscount.com\/en_en\/wp-json\/wp\/v2\/types\/page"}],"author":[{"embeddable":true,"href":"https:\/\/motolocdiscount.com\/en_en\/wp-json\/wp\/v2\/users\/2"}],"replies":[{"embeddable":true,"href":"https:\/\/motolocdiscount.com\/en_en\/wp-json\/wp\/v2\/comments?post=4499"}],"version-history":[{"count":7,"href":"https:\/\/motolocdiscount.com\/en_en\/wp-json\/wp\/v2\/pages\/4499\/revisions"}],"predecessor-version":[{"id":5325,"href":"https:\/\/motolocdiscount.com\/en_en\/wp-json\/wp\/v2\/pages\/4499\/revisions\/5325"}],"wp:attachment":[{"href":"https:\/\/motolocdiscount.com\/en_en\/wp-json\/wp\/v2\/media?parent=4499"}],"curies":[{"name":"wp","href":"https:\/\/api.w.org\/{rel}","templated":true}]}}