{"id":5505,"date":"2025-12-30T05:10:48","date_gmt":"2025-12-30T05:10:48","guid":{"rendered":"https:\/\/motolocdiscount.com\/?post_type=product&#038;p=5505"},"modified":"2026-01-26T01:12:04","modified_gmt":"2026-01-26T01:12:04","slug":"honda-transalp-750cc","status":"publish","type":"product","link":"https:\/\/motolocdiscount.com\/de\/produkt\/honda-transalp-750cc\/","title":{"rendered":"Honda Transalp 750cc"},"content":{"rendered":"<table style=\"width: 100% !important; max-width: 900px !important; margin: 0 auto !important; border-collapse: collapse !important; font-family: Arial, sans-serif !important; color: #333 !important; background-color: #fff !important;\">\n<thead><!-- Premi\u00e8re ligne d\u2019en\u2011t\u00eate : titre sur fond bleu --><\/p>\n<tr style=\"background-color: #033e61 !important; color: #fff !important;\">\n<th style=\"border: 1px solid #ccc !important; padding: 12px !important; text-align: center !important; text-transform: uppercase !important;\" colspan=\"2\">CONDITIONS &amp; INFORMATIONS<\/th>\n<\/tr>\n<p><!-- Deuxi\u00e8me ligne d\u2019en\u2011t\u00eate : Nom \/ D\u00e9tails --><\/p>\n<tr>\n<th style=\"border: 1px solid #ccc !important; padding: 12px !important; text-align: left !important; text-transform: uppercase !important; white-space: normal !important; word-wrap: break-word !important;\">Name<\/th>\n<th style=\"border: 1px solid #ccc !important; padding: 12px !important; text-align: left !important; text-transform: uppercase !important; white-space: normal !important; word-wrap: break-word !important;\">D\u00e9tails<\/th>\n<\/tr>\n<\/thead>\n<tbody><!-- 1 : \u00c2ge minimum --><\/p>\n<tr style=\"border: 1px solid #ccc !important;\">\n<td style=\"border: 1px solid #ccc !important; padding: 12px !important; white-space: normal !important; word-wrap: break-word !important;\">\u00c2ge minimum<\/td>\n<td style=\"border: 1px solid #ccc !important; padding: 12px !important;\">20 ans<\/td>\n<\/tr>\n<p><!-- 2 : Permis en cours de validit\u00e9 (ligne grise) --><\/p>\n<tr style=\"border: 1px solid #ccc !important; background-color: #f9f9f9 !important;\">\n<td style=\"border: 1px solid #ccc !important; padding: 12px !important;\">Permis en cours de validit\u00e9<\/td>\n<td style=\"border: 1px solid #ccc !important; padding: 12px !important; white-space: normal !important; word-wrap: break-word !important;\">A2, sans suspension ni retrait dans les 3 derni\u00e8res ann\u00e9es<\/td>\n<\/tr>\n<p><!-- 3 : Pi\u00e8ce d'identit\u00e9 --><\/p>\n<tr style=\"border: 1px solid #ccc !important;\">\n<td style=\"border: 1px solid #ccc !important; padding: 12px !important;\">Pi\u00e8ce d&rsquo;identit\u00e9<\/td>\n<td style=\"border: 1px solid #ccc !important; padding: 12px !important;\">En cours de validit\u00e9<\/td>\n<\/tr>\n<p><!-- 4 : D\u00e9p\u00f4t de garantie (ligne grise) --><\/p>\n<tr style=\"border: 1px solid #ccc !important; background-color: #f9f9f9 !important;\">\n<td style=\"border: 1px solid #ccc !important; padding: 12px !important;\">D\u00e9p\u00f4t de garantie<\/td>\n<td style=\"border: 1px solid #ccc !important; padding: 12px !important;\">2500\u20ac (non d\u00e9bit\u00e9), par carte bancaire uniquement<\/td>\n<\/tr>\n<p><!-- 5 : \u00c9quipement fourni --><\/p>\n<tr style=\"border: 1px solid #ccc !important;\">\n<td style=\"border: 1px solid #ccc !important; padding: 12px !important;\">\u00c9quipement fourni<\/td>\n<td style=\"border: 1px solid #ccc !important; padding: 12px !important;\">Tous nos scooters et motos sont \u00e9quip\u00e9s de top case, casques, gants et antivol<\/td>\n<\/tr>\n<p><!-- 6 : Kilom\u00e9trage (ligne grise) --><\/p>\n<tr style=\"border: 1px solid #ccc !important; background-color: #f9f9f9 !important;\">\n<td style=\"border: 1px solid #ccc !important; padding: 12px !important;\">Kilom\u00e9trage<\/td>\n<td style=\"border: 1px solid #ccc !important; padding: 12px !important;\">Illimit\u00e9<\/td>\n<\/tr>\n<p><!-- 7 : Assurance --><\/p>\n<tr style=\"border: 1px solid #ccc !important;\">\n<td style=\"border: 1px solid #ccc !important; padding: 12px !important;\">Assurance<\/td>\n<td style=\"border: 1px solid #ccc !important; padding: 12px !important;\">Incluse<\/td>\n<\/tr>\n<p><!-- 8 : Assurance Crevaison (ligne grise, ajout\u00e9e) --><\/p>\n<tr style=\"border: 1px solid #ccc !important; background-color: #f9f9f9 !important;\">\n<td style=\"border: 1px solid #ccc !important; padding: 12px !important;\">Assurance Crevaison<\/td>\n<td style=\"border: 1px solid #ccc !important; padding: 12px !important;\">Option : 15\u00a0\u20ac pour la dur\u00e9e totale du s\u00e9jour<\/td>\n<\/tr>\n<\/tbody>\n<\/table>","protected":false},"excerpt":{"rendered":"<p><strong><span style=\"color: #ff9900;\"><span style=\"color: #333333;\">A partir de<\/span> <span style=\"font-size: hight;\">120 \u20ac <\/span><\/span><\/strong><\/p>\n<div class=\"flex flex-grow flex-col max-w-full\">\n<div class=\"min-h-[20px] text-message flex flex-col items-start gap-3 whitespace-pre-wrap break-words [.text-message+&amp;]:mt-5 overflow-x-auto\" data-message-author-role=\"assistant\" data-message-id=\"e833add2-922c-467a-aa04-90740271384b\">\n<div class=\"markdown prose w-full break-words dark:prose-invert dark\">\n<div class=\"flex flex-grow flex-col max-w-full\">\n<div class=\"min-h-[20px] text-message flex flex-col items-start gap-3 whitespace-pre-wrap break-words [.text-message+&amp;]:mt-5 overflow-x-auto\" data-message-author-role=\"assistant\" data-message-id=\"188da1af-c235-4141-8545-0e0a19d0c54c\">\n<div class=\"markdown prose w-full break-words dark:prose-invert dark\">\n<div class=\"flex flex-grow flex-col max-w-full\">\n<div class=\"min-h-[20px] text-message flex flex-col items-start gap-3 whitespace-pre-wrap break-words [.text-message+&amp;]:mt-5 overflow-x-auto\" data-message-author-role=\"assistant\" data-message-id=\"a1f991ab-d029-47be-9c86-eaa6e66c127b\">\n<div class=\"markdown prose w-full break-words dark:prose-invert dark\">\n<div class=\"flex flex-grow flex-col max-w-full\">\n<div class=\"min-h-[20px] text-message flex flex-col items-start gap-3 whitespace-pre-wrap break-words [.text-message+&amp;]:mt-5 overflow-x-auto\" data-message-author-role=\"assistant\" data-message-id=\"e90c5e6c-86f9-4bb4-8b58-0bb050d2df95\">\n<div class=\"markdown prose w-full break-words dark:prose-invert dark\">La Honda Transalp 750 avec technologie e-Clutch est une moto d\u2019aventure moderne, pens\u00e9e pour le voyage et la polyvalence. Elle offre une conduite souple et intuitive gr\u00e2ce \u00e0 son embrayage \u00e9lectronique, id\u00e9al pour r\u00e9duire la fatigue et gagner en confort, aussi bien en ville que sur les longues distances ou les routes sinueuses.<\/div>\n<div class=\"markdown prose w-full break-words dark:prose-invert dark\"><strong>Poids : environ 208 kg<\/strong><\/div>\n<div class=\"markdown prose w-full break-words dark:prose-invert dark\"><strong>Hauteur de selle : 850 mm<\/strong><\/div>\n<div class=\"markdown prose w-full break-words dark:prose-invert dark\"><strong>Top Case : 52L<\/strong><\/div>\n<div class=\"markdown prose w-full break-words dark:prose-invert dark\"><strong>Valises Lat\u00e9rales : 28L x 2<\/strong><\/div>\n<div class=\"markdown prose w-full break-words dark:prose-invert dark\">\n<p><img decoding=\"async\" class=\"alignnone wp-image-5393\" src=\"https:\/\/motolocdiscount.com\/wp-content\/uploads\/2025\/03\/permis-A2-min.png\" alt=\"\" width=\"70\" height=\"70\" srcset=\"https:\/\/motolocdiscount.com\/wp-content\/uploads\/2025\/03\/permis-A2-min-12x12.png 12w, https:\/\/motolocdiscount.com\/wp-content\/uploads\/2025\/03\/permis-A2-min-66x66.png 66w, https:\/\/motolocdiscount.com\/wp-content\/uploads\/2025\/03\/permis-A2-min-150x150.png 150w, https:\/\/motolocdiscount.com\/wp-content\/uploads\/2025\/03\/permis-A2-min-200x200.png 200w, https:\/\/motolocdiscount.com\/wp-content\/uploads\/2025\/03\/permis-A2-min-300x300.png 300w, https:\/\/motolocdiscount.com\/wp-content\/uploads\/2025\/03\/permis-A2-min-400x400.png 400w, https:\/\/motolocdiscount.com\/wp-content\/uploads\/2025\/03\/permis-A2-min.png 500w\" sizes=\"(max-width: 70px) 100vw, 70px\" \/><\/p>\n<\/div>\n<div class=\"markdown prose w-full break-words dark:prose-invert dark\">\n<div class=\"table-1\">\n<table style=\"width: 100%; border-collapse: collapse;\">\n<tbody>\n<tr>\n<td style=\"text-align: center; border: 1px solid #ccc; background-color: #033e61; color: white;\" colspan=\"2\"><strong>Tarifs de location<\/strong><\/td>\n<\/tr>\n<tr>\n<td style=\"text-align: center; border: 1px solid #ccc; background-color: #f9f9f9;\">Journ\u00e9e<\/td>\n<td style=\"text-align: center; border: 1px solid #ccc; background-color: #f9f9f9;\">120\u20ac<\/td>\n<\/tr>\n<tr>\n<td style=\"text-align: center; border: 1px solid #ccc; background-color: #f9f9f9;\">2 jours<\/td>\n<td style=\"text-align: center; border: 1px solid #ccc; background-color: #f9f9f9;\">230\u20ac<\/td>\n<\/tr>\n<tr>\n<td style=\"text-align: center; border: 1px solid #ccc; background-color: #f9f9f9;\">3 jours<\/td>\n<td style=\"text-align: center; border: 1px solid #ccc; background-color: #f9f9f9;\">330\u20ac<\/td>\n<\/tr>\n<tr>\n<td style=\"text-align: center; border: 1px solid #ccc; background-color: #f9f9f9;\">4 jours<\/td>\n<td style=\"text-align: center; border: 1px solid #ccc; background-color: #f9f9f9;\">430\u20ac<\/td>\n<\/tr>\n<tr>\n<td style=\"text-align: center; border: 1px solid #ccc; background-color: #f9f9f9;\">5 jours<\/td>\n<td style=\"text-align: center; border: 1px solid #ccc; background-color: #f9f9f9;\">520\u20ac<\/td>\n<\/tr>\n<tr>\n<td style=\"text-align: center; border: 1px solid #ccc; background-color: #f9f9f9;\">6 jours<\/td>\n<td style=\"text-align: center; border: 1px solid #ccc; background-color: #f9f9f9;\">590\u20ac<\/td>\n<\/tr>\n<tr>\n<td style=\"text-align: center; border: 1px solid #ccc; background-color: #f9f9f9;\">7 jours<\/td>\n<td style=\"text-align: center; border: 1px solid #ccc; background-color: #f9f9f9;\">660\u20ac<\/td>\n<\/tr>\n<tr>\n<td style=\"text-align: center; border: 1px solid #ccc; background-color: #f9f9f9;\">Jour suppl\u00e9mentaire<\/td>\n<td style=\"text-align: center; border: 1px solid #ccc; background-color: #f9f9f9;\">60\u20ac<\/td>\n<\/tr>\n<\/tbody>\n<\/table>\n<\/div>\n<\/div>\n<\/div>\n<\/div>\n<\/div>\n<\/div>\n<\/div>\n<\/div>\n<\/div>\n<\/div>\n<\/div>\n<\/div>\n<\/div>\n","protected":false},"featured_media":5488,"template":"","meta":[],"product_brand":[],"product_cat":[97],"product_tag":[],"class_list":{"0":"post-5505","1":"product","2":"type-product","3":"status-publish","4":"has-post-thumbnail","6":"product_cat-motos","8":"first","9":"instock","10":"shipping-taxable","11":"product-type-simple"},"yoast_head":"<!-- This site is optimized with the Yoast SEO plugin v27.6 - https:\/\/yoast.com\/product\/yoast-seo-wordpress\/ -->\n<title>Honda Transalp 750cc - Location Moto Discount<\/title>\n<meta name=\"robots\" content=\"index, follow, max-snippet:-1, max-image-preview:large, max-video-preview:-1\" \/>\n<link rel=\"canonical\" href=\"https:\/\/motolocdiscount.com\/de\/produkt\/honda-transalp-750cc\/\" \/>\n<meta property=\"og:locale\" content=\"de_DE\" \/>\n<meta property=\"og:type\" content=\"article\" \/>\n<meta property=\"og:title\" content=\"Honda Transalp 750cc - Location Moto Discount\" \/>\n<meta property=\"og:description\" content=\"A partir de 120 \u20ac             La Honda Transalp 750 avec technologie e-Clutch est une moto d\u2019aventure moderne, pens\u00e9e pour le voyage et la polyvalence. Elle offre une conduite souple et intuitive gr\u00e2ce \u00e0 son embrayage \u00e9lectronique, id\u00e9al pour r\u00e9duire la fatigue et gagner en confort, aussi bien en ville que sur les longues distances ou les routes sinueuses. Poids : environ 208 kg Hauteur de selle : 850 mm Top Case : 52L Valises Lat\u00e9rales : 28L x 2           Tarifs de location   Journ\u00e9e 120\u20ac   2 jours 230\u20ac   3 jours 330\u20ac   4 jours 430\u20ac   5 jours 520\u20ac   6 jours 590\u20ac   7 jours 660\u20ac   Jour suppl\u00e9mentaire 60\u20ac\" \/>\n<meta property=\"og:url\" content=\"https:\/\/motolocdiscount.com\/de\/produkt\/honda-transalp-750cc\/\" \/>\n<meta property=\"og:site_name\" content=\"Location Moto Discount\" \/>\n<meta property=\"article:modified_time\" content=\"2026-01-26T01:12:04+00:00\" \/>\n<meta property=\"og:image\" content=\"https:\/\/motolocdiscount.com\/wp-content\/uploads\/2024\/03\/X2moto-location-discount-Ajaccio-Corse-Honda-Transalp-750-FOND.webp\" \/>\n\t<meta property=\"og:image:width\" content=\"1000\" \/>\n\t<meta property=\"og:image:height\" content=\"1000\" \/>\n\t<meta property=\"og:image:type\" content=\"image\/webp\" \/>\n<meta name=\"twitter:card\" content=\"summary_large_image\" \/>\n<meta name=\"twitter:label1\" content=\"Gesch\u00e4tzte Lesezeit\" \/>\n\t<meta name=\"twitter:data1\" content=\"1\u00a0Minute\" \/>\n<script type=\"application\/ld+json\" class=\"yoast-schema-graph\">{\"@context\":\"https:\\\/\\\/schema.org\",\"@graph\":[{\"@type\":\"WebPage\",\"@id\":\"https:\\\/\\\/motolocdiscount.com\\\/produit\\\/honda-transalp-750cc\\\/\",\"url\":\"https:\\\/\\\/motolocdiscount.com\\\/produit\\\/honda-transalp-750cc\\\/\",\"name\":\"Honda Transalp 750cc - Location Moto Discount\",\"isPartOf\":{\"@id\":\"https:\\\/\\\/motolocdiscount.com\\\/de\\\/#website\"},\"primaryImageOfPage\":{\"@id\":\"https:\\\/\\\/motolocdiscount.com\\\/produit\\\/honda-transalp-750cc\\\/#primaryimage\"},\"image\":{\"@id\":\"https:\\\/\\\/motolocdiscount.com\\\/produit\\\/honda-transalp-750cc\\\/#primaryimage\"},\"thumbnailUrl\":\"https:\\\/\\\/motolocdiscount.com\\\/wp-content\\\/uploads\\\/2024\\\/03\\\/X2moto-location-discount-Ajaccio-Corse-Honda-Transalp-750-FOND.webp\",\"datePublished\":\"2025-12-30T05:10:48+00:00\",\"dateModified\":\"2026-01-26T01:12:04+00:00\",\"breadcrumb\":{\"@id\":\"https:\\\/\\\/motolocdiscount.com\\\/produit\\\/honda-transalp-750cc\\\/#breadcrumb\"},\"inLanguage\":\"de\",\"potentialAction\":[{\"@type\":\"ReadAction\",\"target\":[\"https:\\\/\\\/motolocdiscount.com\\\/produit\\\/honda-transalp-750cc\\\/\"]}]},{\"@type\":\"ImageObject\",\"inLanguage\":\"de\",\"@id\":\"https:\\\/\\\/motolocdiscount.com\\\/produit\\\/honda-transalp-750cc\\\/#primaryimage\",\"url\":\"https:\\\/\\\/motolocdiscount.com\\\/wp-content\\\/uploads\\\/2024\\\/03\\\/X2moto-location-discount-Ajaccio-Corse-Honda-Transalp-750-FOND.webp\",\"contentUrl\":\"https:\\\/\\\/motolocdiscount.com\\\/wp-content\\\/uploads\\\/2024\\\/03\\\/X2moto-location-discount-Ajaccio-Corse-Honda-Transalp-750-FOND.webp\",\"width\":1000,\"height\":1000},{\"@type\":\"BreadcrumbList\",\"@id\":\"https:\\\/\\\/motolocdiscount.com\\\/produit\\\/honda-transalp-750cc\\\/#breadcrumb\",\"itemListElement\":[{\"@type\":\"ListItem\",\"position\":1,\"name\":\"Accueil\",\"item\":\"https:\\\/\\\/motolocdiscount.com\\\/\"},{\"@type\":\"ListItem\",\"position\":2,\"name\":\"Shop Classic &#8211; Sidebar\",\"item\":\"https:\\\/\\\/motolocdiscount.com\\\/shop-classic-sidebar\\\/\"},{\"@type\":\"ListItem\",\"position\":3,\"name\":\"Honda Transalp 750cc\"}]},{\"@type\":\"WebSite\",\"@id\":\"https:\\\/\\\/motolocdiscount.com\\\/de\\\/#website\",\"url\":\"https:\\\/\\\/motolocdiscount.com\\\/de\\\/\",\"name\":\"Location Moto Discount\",\"description\":\"Service de location de deux roues pour tous !\",\"potentialAction\":[{\"@type\":\"SearchAction\",\"target\":{\"@type\":\"EntryPoint\",\"urlTemplate\":\"https:\\\/\\\/motolocdiscount.com\\\/de\\\/?s={search_term_string}\"},\"query-input\":{\"@type\":\"PropertyValueSpecification\",\"valueRequired\":true,\"valueName\":\"search_term_string\"}}],\"inLanguage\":\"de\"}]}<\/script>\n<!-- \/ Yoast SEO plugin. -->","yoast_head_json":{"title":"Honda Transalp 750cc - Location Moto Discount","robots":{"index":"index","follow":"follow","max-snippet":"max-snippet:-1","max-image-preview":"max-image-preview:large","max-video-preview":"max-video-preview:-1"},"canonical":"https:\/\/motolocdiscount.com\/de\/produkt\/honda-transalp-750cc\/","og_locale":"de_DE","og_type":"article","og_title":"Honda Transalp 750cc - Location Moto Discount","og_description":"A partir de 120 \u20ac             La Honda Transalp 750 avec technologie e-Clutch est une moto d\u2019aventure moderne, pens\u00e9e pour le voyage et la polyvalence. Elle offre une conduite souple et intuitive gr\u00e2ce \u00e0 son embrayage \u00e9lectronique, id\u00e9al pour r\u00e9duire la fatigue et gagner en confort, aussi bien en ville que sur les longues distances ou les routes sinueuses. Poids : environ 208 kg Hauteur de selle : 850 mm Top Case : 52L Valises Lat\u00e9rales : 28L x 2           Tarifs de location   Journ\u00e9e 120\u20ac   2 jours 230\u20ac   3 jours 330\u20ac   4 jours 430\u20ac   5 jours 520\u20ac   6 jours 590\u20ac   7 jours 660\u20ac   Jour suppl\u00e9mentaire 60\u20ac","og_url":"https:\/\/motolocdiscount.com\/de\/produkt\/honda-transalp-750cc\/","og_site_name":"Location Moto Discount","article_modified_time":"2026-01-26T01:12:04+00:00","og_image":[{"width":1000,"height":1000,"url":"https:\/\/motolocdiscount.com\/wp-content\/uploads\/2024\/03\/X2moto-location-discount-Ajaccio-Corse-Honda-Transalp-750-FOND.webp","type":"image\/webp"}],"twitter_card":"summary_large_image","twitter_misc":{"Gesch\u00e4tzte Lesezeit":"1\u00a0Minute"},"schema":{"@context":"https:\/\/schema.org","@graph":[{"@type":"WebPage","@id":"https:\/\/motolocdiscount.com\/produit\/honda-transalp-750cc\/","url":"https:\/\/motolocdiscount.com\/produit\/honda-transalp-750cc\/","name":"Honda Transalp 750cc - Location Moto Discount","isPartOf":{"@id":"https:\/\/motolocdiscount.com\/de\/#website"},"primaryImageOfPage":{"@id":"https:\/\/motolocdiscount.com\/produit\/honda-transalp-750cc\/#primaryimage"},"image":{"@id":"https:\/\/motolocdiscount.com\/produit\/honda-transalp-750cc\/#primaryimage"},"thumbnailUrl":"https:\/\/motolocdiscount.com\/wp-content\/uploads\/2024\/03\/X2moto-location-discount-Ajaccio-Corse-Honda-Transalp-750-FOND.webp","datePublished":"2025-12-30T05:10:48+00:00","dateModified":"2026-01-26T01:12:04+00:00","breadcrumb":{"@id":"https:\/\/motolocdiscount.com\/produit\/honda-transalp-750cc\/#breadcrumb"},"inLanguage":"de","potentialAction":[{"@type":"ReadAction","target":["https:\/\/motolocdiscount.com\/produit\/honda-transalp-750cc\/"]}]},{"@type":"ImageObject","inLanguage":"de","@id":"https:\/\/motolocdiscount.com\/produit\/honda-transalp-750cc\/#primaryimage","url":"https:\/\/motolocdiscount.com\/wp-content\/uploads\/2024\/03\/X2moto-location-discount-Ajaccio-Corse-Honda-Transalp-750-FOND.webp","contentUrl":"https:\/\/motolocdiscount.com\/wp-content\/uploads\/2024\/03\/X2moto-location-discount-Ajaccio-Corse-Honda-Transalp-750-FOND.webp","width":1000,"height":1000},{"@type":"BreadcrumbList","@id":"https:\/\/motolocdiscount.com\/produit\/honda-transalp-750cc\/#breadcrumb","itemListElement":[{"@type":"ListItem","position":1,"name":"Accueil","item":"https:\/\/motolocdiscount.com\/"},{"@type":"ListItem","position":2,"name":"Shop Classic &#8211; Sidebar","item":"https:\/\/motolocdiscount.com\/shop-classic-sidebar\/"},{"@type":"ListItem","position":3,"name":"Honda Transalp 750cc"}]},{"@type":"WebSite","@id":"https:\/\/motolocdiscount.com\/de\/#website","url":"https:\/\/motolocdiscount.com\/de\/","name":"Location Moto Discount","description":"Service de location de deux roues pour tous !","potentialAction":[{"@type":"SearchAction","target":{"@type":"EntryPoint","urlTemplate":"https:\/\/motolocdiscount.com\/de\/?s={search_term_string}"},"query-input":{"@type":"PropertyValueSpecification","valueRequired":true,"valueName":"search_term_string"}}],"inLanguage":"de"}]}},"_links":{"self":[{"href":"https:\/\/motolocdiscount.com\/de\/wp-json\/wp\/v2\/product\/5505","targetHints":{"allow":["GET"]}}],"collection":[{"href":"https:\/\/motolocdiscount.com\/de\/wp-json\/wp\/v2\/product"}],"about":[{"href":"https:\/\/motolocdiscount.com\/de\/wp-json\/wp\/v2\/types\/product"}],"wp:featuredmedia":[{"embeddable":true,"href":"https:\/\/motolocdiscount.com\/de\/wp-json\/wp\/v2\/media\/5488"}],"wp:attachment":[{"href":"https:\/\/motolocdiscount.com\/de\/wp-json\/wp\/v2\/media?parent=5505"}],"wp:term":[{"taxonomy":"product_brand","embeddable":true,"href":"https:\/\/motolocdiscount.com\/de\/wp-json\/wp\/v2\/product_brand?post=5505"},{"taxonomy":"product_cat","embeddable":true,"href":"https:\/\/motolocdiscount.com\/de\/wp-json\/wp\/v2\/product_cat?post=5505"},{"taxonomy":"product_tag","embeddable":true,"href":"https:\/\/motolocdiscount.com\/de\/wp-json\/wp\/v2\/product_tag?post=5505"}],"curies":[{"name":"wp","href":"https:\/\/api.w.org\/{rel}","templated":true}]}}