{"id":5459,"date":"2025-12-29T17:55:00","date_gmt":"2025-12-29T17:55:00","guid":{"rendered":"https:\/\/motolocdiscount.com\/?post_type=product&#038;p=5459"},"modified":"2026-01-09T15:51:25","modified_gmt":"2026-01-09T15:51:25","slug":"suzuki-800de-djebel","status":"publish","type":"product","link":"https:\/\/motolocdiscount.com\/de\/produkt\/suzuki-800de-djebel\/","title":{"rendered":"Suzuki 800DE Djebel"},"content":{"rendered":"<table style=\"width: 100% !important; max-width: 900px !important; margin: 0 auto !important; border-collapse: collapse !important; font-family: Arial, sans-serif !important; color: #333 !important; background-color: #fff !important;\">\n<thead><!-- Ligne d\u2019en\u2011t\u00eate : titre sur fond bleu --><\/p>\n<tr style=\"background-color: #033e61 !important; color: #fff !important;\">\n<th style=\"border: 1px solid #ccc !important; padding: 12px !important; text-align: center !important; text-transform: uppercase !important;\" colspan=\"2\">CONDITIONS &amp; INFORMATIONS<\/th>\n<\/tr>\n<p><!-- Ligne d\u2019en\u2011t\u00eate : Nom \/ D\u00e9tails --><\/p>\n<tr>\n<th style=\"border: 1px solid #ccc !important; padding: 12px !important; text-align: left !important; white-space: normal !important; word-wrap: break-word !important; text-transform: uppercase !important;\">Name<\/th>\n<th style=\"border: 1px solid #ccc !important; padding: 12px !important; text-align: left !important; white-space: normal !important; word-wrap: break-word !important; text-transform: uppercase !important;\">D\u00e9tails<\/th>\n<\/tr>\n<\/thead>\n<tbody><!-- 1 : \u00c2ge minimum (ligne blanche) --><\/p>\n<tr style=\"border: 1px solid #ccc !important;\">\n<td style=\"border: 1px solid #ccc !important; padding: 12px !important; white-space: normal !important; word-wrap: break-word !important;\">\u00c2ge minimum<\/td>\n<td style=\"border: 1px solid #ccc !important; padding: 12px !important;\">20 ans<\/td>\n<\/tr>\n<p><!-- 2 : Permis (ligne grise) --><\/p>\n<tr style=\"border: 1px solid #ccc !important; background-color: #f9f9f9 !important;\">\n<td style=\"border: 1px solid #ccc !important; padding: 12px !important;\">F\u00fchrerschein<\/td>\n<td style=\"border: 1px solid #ccc !important; padding: 12px !important; white-space: normal !important; word-wrap: break-word !important;\">En cours de validit\u00e9 A ou A2, sans suspension ni retrait dans les 3 derni\u00e8res ann\u00e9es<\/td>\n<\/tr>\n<p><!-- 3 : Pi\u00e8ce d'identit\u00e9 (ligne blanche) --><\/p>\n<tr style=\"border: 1px solid #ccc !important;\">\n<td style=\"border: 1px solid #ccc !important; padding: 12px !important;\">Pi\u00e8ce d&rsquo;identit\u00e9<\/td>\n<td style=\"border: 1px solid #ccc !important; padding: 12px !important;\">En cours de validit\u00e9<\/td>\n<\/tr>\n<p><!-- 4 : D\u00e9p\u00f4t de garantie (ligne grise) --><\/p>\n<tr style=\"border: 1px solid #ccc !important; background-color: #f9f9f9 !important;\">\n<td style=\"border: 1px solid #ccc !important; padding: 12px !important;\">D\u00e9p\u00f4t de garantie<\/td>\n<td style=\"border: 1px solid #ccc !important; padding: 12px !important;\">2500 \u20ac (non d\u00e9bit\u00e9), par carte bancaire uniquement<\/td>\n<\/tr>\n<p><!-- 5 : \u00c9quipement fourni (ligne blanche) --><\/p>\n<tr style=\"border: 1px solid #ccc !important;\">\n<td style=\"border: 1px solid #ccc !important; padding: 12px !important;\">\u00c9quipement fourni<\/td>\n<td style=\"border: 1px solid #ccc !important; padding: 12px !important;\">Tous nos scooters et motos sont \u00e9quip\u00e9s de top case, casques, gants et antivol<\/td>\n<\/tr>\n<p><!-- 6 : Kilom\u00e9trage (ligne grise) --><\/p>\n<tr style=\"border: 1px solid #ccc !important; background-color: #f9f9f9 !important;\">\n<td style=\"border: 1px solid #ccc !important; padding: 12px !important;\">Kilom\u00e9trage<\/td>\n<td style=\"border: 1px solid #ccc !important; padding: 12px !important;\">Illimit\u00e9<\/td>\n<\/tr>\n<p><!-- 7 : Assurance (ligne blanche) --><\/p>\n<tr style=\"border: 1px solid #ccc !important;\">\n<td style=\"border: 1px solid #ccc !important; padding: 12px !important;\">Assurance<\/td>\n<td style=\"border: 1px solid #ccc !important; padding: 12px !important;\">Incluse<\/td>\n<\/tr>\n<p><!-- 8 : Assurance Crevaison (ligne grise, ajout\u00e9e) --><\/p>\n<tr style=\"border: 1px solid #ccc !important; background-color: #f9f9f9 !important;\">\n<td style=\"border: 1px solid #ccc !important; padding: 12px !important;\">Assurance Crevaison<\/td>\n<td style=\"border: 1px solid #ccc !important; padding: 12px !important;\">Option : 15\u00a0\u20ac pour la dur\u00e9e totale du s\u00e9jour<\/td>\n<\/tr>\n<\/tbody>\n<\/table>","protected":false},"excerpt":{"rendered":"<p><strong><span style=\"color: #ff9900;\"><span style=\"color: #333333;\">Ausgehend von<\/span>\u00a0<span style=\"font-size: hight;\">140 \u20ac <\/span><\/span><\/strong><\/p>\n<p><strong>Suzuki 800DE Djebel<\/strong> \u2013 L\u2019alli\u00e9e des grandes aventures.<\/p>\n<p>Con\u00e7ue pour l\u2019exploration et les longues distances, la Suzuki 800DE Djebel allie robustesse, performance et confort.<\/p>\n<p>Avec sa<strong> hauteur de selle de 830 mm<\/strong>, elle s\u2019adresse aux pilotes \u00e0 la recherche d\u2019une vraie moto tout-terrain, pr\u00eate \u00e0 relever tous les d\u00e9fis.<\/p>\n<p>Son grand r\u00e9servoir de 20 litres offre une excellente autonomie, id\u00e9ale pour les voyages au long cours. \u00c9quip\u00e9e d\u2019un <strong>shifter up &amp; down<\/strong> pour des passages de vitesses fluides sans embrayage, elle garantit une conduite plus dynamique et agr\u00e9able.<\/p>\n<p>Gr\u00e2ce \u00e0 sa suspension longue course et son moteur bicylindre r\u00e9actif, elle est tr\u00e8s l\u2019aise sur les routes corse.<\/p>\n<p><img decoding=\"async\" class=\"alignnone wp-image-5392\" src=\"https:\/\/motolocdiscount.com\/wp-content\/uploads\/2025\/03\/PERMIS_A-min.png\" alt=\"\" width=\"70\" height=\"70\" srcset=\"https:\/\/motolocdiscount.com\/wp-content\/uploads\/2025\/03\/PERMIS_A-min-12x12.png 12w, https:\/\/motolocdiscount.com\/wp-content\/uploads\/2025\/03\/PERMIS_A-min-66x66.png 66w, https:\/\/motolocdiscount.com\/wp-content\/uploads\/2025\/03\/PERMIS_A-min-150x150.png 150w, https:\/\/motolocdiscount.com\/wp-content\/uploads\/2025\/03\/PERMIS_A-min-200x200.png 200w, https:\/\/motolocdiscount.com\/wp-content\/uploads\/2025\/03\/PERMIS_A-min-300x300.png 300w, https:\/\/motolocdiscount.com\/wp-content\/uploads\/2025\/03\/PERMIS_A-min-400x400.png 400w, https:\/\/motolocdiscount.com\/wp-content\/uploads\/2025\/03\/PERMIS_A-min.png 500w\" sizes=\"(max-width: 70px) 100vw, 70px\" \/><img decoding=\"async\" class=\"alignnone wp-image-5393\" src=\"https:\/\/motolocdiscount.com\/wp-content\/uploads\/2025\/03\/permis-A2-min.png\" alt=\"\" width=\"70\" height=\"70\" srcset=\"https:\/\/motolocdiscount.com\/wp-content\/uploads\/2025\/03\/permis-A2-min-12x12.png 12w, https:\/\/motolocdiscount.com\/wp-content\/uploads\/2025\/03\/permis-A2-min-66x66.png 66w, https:\/\/motolocdiscount.com\/wp-content\/uploads\/2025\/03\/permis-A2-min-150x150.png 150w, https:\/\/motolocdiscount.com\/wp-content\/uploads\/2025\/03\/permis-A2-min-200x200.png 200w, https:\/\/motolocdiscount.com\/wp-content\/uploads\/2025\/03\/permis-A2-min-300x300.png 300w, https:\/\/motolocdiscount.com\/wp-content\/uploads\/2025\/03\/permis-A2-min-400x400.png 400w, https:\/\/motolocdiscount.com\/wp-content\/uploads\/2025\/03\/permis-A2-min.png 500w\" sizes=\"(max-width: 70px) 100vw, 70px\" \/><\/p>\n<div class=\"table-1\">\n<table style=\"width: 100%; border-collapse: collapse;\">\n<tbody>\n<tr>\n<td style=\"text-align: center; border: 1px solid #ccc; background-color: #033e61; color: white;\" colspan=\"2\"><strong>Tarifs de location<\/strong><\/td>\n<\/tr>\n<tr>\n<td style=\"text-align: center; border: 1px solid #ccc; background-color: #f9f9f9;\">Journ\u00e9e<\/td>\n<td style=\"text-align: center; border: 1px solid #ccc; background-color: #f9f9f9;\">140\u20ac<\/td>\n<\/tr>\n<tr>\n<td style=\"text-align: center; border: 1px solid #ccc; background-color: #f9f9f9;\">2 jours<\/td>\n<td style=\"text-align: center; border: 1px solid #ccc; background-color: #f9f9f9;\">260\u20ac<\/td>\n<\/tr>\n<tr>\n<td style=\"text-align: center; border: 1px solid #ccc; background-color: #f9f9f9;\">3 Tage<\/td>\n<td style=\"text-align: center; border: 1px solid #ccc; background-color: #f9f9f9;\">380\u20ac<\/td>\n<\/tr>\n<tr>\n<td style=\"text-align: center; border: 1px solid #ccc; background-color: #f9f9f9;\">4 tage<\/td>\n<td style=\"text-align: center; border: 1px solid #ccc; background-color: #f9f9f9;\">500\u20ac<\/td>\n<\/tr>\n<tr>\n<td style=\"text-align: center; border: 1px solid #ccc; background-color: #f9f9f9;\">5 tage<\/td>\n<td style=\"text-align: center; border: 1px solid #ccc; background-color: #f9f9f9;\">600\u20ac<\/td>\n<\/tr>\n<tr>\n<td style=\"text-align: center; border: 1px solid #ccc; background-color: #f9f9f9;\">6 tage<\/td>\n<td style=\"text-align: center; border: 1px solid #ccc; background-color: #f9f9f9;\">700\u20ac<\/td>\n<\/tr>\n<tr>\n<td style=\"text-align: center; border: 1px solid #ccc; background-color: #f9f9f9;\">7 tage<\/td>\n<td style=\"text-align: center; border: 1px solid #ccc; background-color: #f9f9f9;\">780\u20ac<\/td>\n<\/tr>\n<tr>\n<td style=\"text-align: center; border: 1px solid #ccc; background-color: #f9f9f9;\">Jour suppl\u00e9mentaire<\/td>\n<td style=\"text-align: center; border: 1px solid #ccc; background-color: #d3d3d3;\">70\u20ac<\/td>\n<\/tr>\n<\/tbody>\n<\/table>\n<\/div>","protected":false},"featured_media":5472,"template":"","meta":[],"product_brand":[],"product_cat":[97],"product_tag":[],"class_list":{"0":"post-5459","1":"product","2":"type-product","3":"status-publish","4":"has-post-thumbnail","6":"product_cat-motos","8":"first","9":"instock","10":"shipping-taxable","11":"product-type-simple"},"yoast_head":"<!-- This site is optimized with the Yoast SEO plugin v27.6 - https:\/\/yoast.com\/product\/yoast-seo-wordpress\/ -->\n<title>Suzuki 800DE Djebel - Location Moto Discount<\/title>\n<meta name=\"robots\" content=\"index, follow, max-snippet:-1, max-image-preview:large, max-video-preview:-1\" \/>\n<link rel=\"canonical\" href=\"https:\/\/motolocdiscount.com\/de\/produkt\/suzuki-800de-djebel\/\" \/>\n<meta property=\"og:locale\" content=\"de_DE\" \/>\n<meta property=\"og:type\" content=\"article\" \/>\n<meta property=\"og:title\" content=\"Suzuki 800DE Djebel - Location Moto Discount\" \/>\n<meta property=\"og:description\" content=\"A partir de\u00a0140 \u20ac   Suzuki 800DE Djebel \u2013 L\u2019alli\u00e9e des grandes aventures.  Con\u00e7ue pour l\u2019exploration et les longues distances, la Suzuki 800DE Djebel allie robustesse, performance et confort.  Avec sa hauteur de selle de 830 mm, elle s\u2019adresse aux pilotes \u00e0 la recherche d\u2019une vraie moto tout-terrain, pr\u00eate \u00e0 relever tous les d\u00e9fis.  Son grand r\u00e9servoir de 20 litres offre une excellente autonomie, id\u00e9ale pour les voyages au long cours. \u00c9quip\u00e9e d\u2019un shifter up &amp; down pour des passages de vitesses fluides sans embrayage, elle garantit une conduite plus dynamique et agr\u00e9able.  Gr\u00e2ce \u00e0 sa suspension longue course et son moteur bicylindre r\u00e9actif, elle est tr\u00e8s l\u2019aise sur les routes corse.       Tarifs de location   Journ\u00e9e 140\u20ac   2 jours 260\u20ac   3 jours 380\u20ac   4 jours 500\u20ac   5 jours 600\u20ac   6 jours 700\u20ac   7 jours 780\u20ac   Jour suppl\u00e9mentaire 70\u20ac\" \/>\n<meta property=\"og:url\" content=\"https:\/\/motolocdiscount.com\/de\/produkt\/suzuki-800de-djebel\/\" \/>\n<meta property=\"og:site_name\" content=\"Location Moto Discount\" \/>\n<meta property=\"article:modified_time\" content=\"2026-01-09T15:51:25+00:00\" \/>\n<meta property=\"og:image\" content=\"https:\/\/motolocdiscount.com\/wp-content\/uploads\/2025\/03\/Suzuki-800DE-Djebel.jpg\" \/>\n\t<meta property=\"og:image:width\" content=\"500\" \/>\n\t<meta property=\"og:image:height\" content=\"500\" \/>\n\t<meta property=\"og:image:type\" content=\"image\/jpeg\" \/>\n<meta name=\"twitter:card\" content=\"summary_large_image\" \/>\n<meta name=\"twitter:label1\" content=\"Gesch\u00e4tzte Lesezeit\" \/>\n\t<meta name=\"twitter:data1\" content=\"1\u00a0Minute\" \/>\n<script type=\"application\/ld+json\" class=\"yoast-schema-graph\">{\"@context\":\"https:\\\/\\\/schema.org\",\"@graph\":[{\"@type\":\"WebPage\",\"@id\":\"https:\\\/\\\/motolocdiscount.com\\\/produit\\\/suzuki-800de-djebel\\\/\",\"url\":\"https:\\\/\\\/motolocdiscount.com\\\/produit\\\/suzuki-800de-djebel\\\/\",\"name\":\"Suzuki 800DE Djebel - Location Moto Discount\",\"isPartOf\":{\"@id\":\"https:\\\/\\\/motolocdiscount.com\\\/de\\\/#website\"},\"primaryImageOfPage\":{\"@id\":\"https:\\\/\\\/motolocdiscount.com\\\/produit\\\/suzuki-800de-djebel\\\/#primaryimage\"},\"image\":{\"@id\":\"https:\\\/\\\/motolocdiscount.com\\\/produit\\\/suzuki-800de-djebel\\\/#primaryimage\"},\"thumbnailUrl\":\"https:\\\/\\\/motolocdiscount.com\\\/wp-content\\\/uploads\\\/2025\\\/03\\\/Suzuki-800DE-Djebel.jpg\",\"datePublished\":\"2025-12-29T17:55:00+00:00\",\"dateModified\":\"2026-01-09T15:51:25+00:00\",\"breadcrumb\":{\"@id\":\"https:\\\/\\\/motolocdiscount.com\\\/produit\\\/suzuki-800de-djebel\\\/#breadcrumb\"},\"inLanguage\":\"de\",\"potentialAction\":[{\"@type\":\"ReadAction\",\"target\":[\"https:\\\/\\\/motolocdiscount.com\\\/produit\\\/suzuki-800de-djebel\\\/\"]}]},{\"@type\":\"ImageObject\",\"inLanguage\":\"de\",\"@id\":\"https:\\\/\\\/motolocdiscount.com\\\/produit\\\/suzuki-800de-djebel\\\/#primaryimage\",\"url\":\"https:\\\/\\\/motolocdiscount.com\\\/wp-content\\\/uploads\\\/2025\\\/03\\\/Suzuki-800DE-Djebel.jpg\",\"contentUrl\":\"https:\\\/\\\/motolocdiscount.com\\\/wp-content\\\/uploads\\\/2025\\\/03\\\/Suzuki-800DE-Djebel.jpg\",\"width\":500,\"height\":500},{\"@type\":\"BreadcrumbList\",\"@id\":\"https:\\\/\\\/motolocdiscount.com\\\/produit\\\/suzuki-800de-djebel\\\/#breadcrumb\",\"itemListElement\":[{\"@type\":\"ListItem\",\"position\":1,\"name\":\"Accueil\",\"item\":\"https:\\\/\\\/motolocdiscount.com\\\/\"},{\"@type\":\"ListItem\",\"position\":2,\"name\":\"Shop Classic &#8211; Sidebar\",\"item\":\"https:\\\/\\\/motolocdiscount.com\\\/shop-classic-sidebar\\\/\"},{\"@type\":\"ListItem\",\"position\":3,\"name\":\"Suzuki 800DE Djebel\"}]},{\"@type\":\"WebSite\",\"@id\":\"https:\\\/\\\/motolocdiscount.com\\\/de\\\/#website\",\"url\":\"https:\\\/\\\/motolocdiscount.com\\\/de\\\/\",\"name\":\"Location Moto Discount\",\"description\":\"Service de location de deux roues pour tous !\",\"potentialAction\":[{\"@type\":\"SearchAction\",\"target\":{\"@type\":\"EntryPoint\",\"urlTemplate\":\"https:\\\/\\\/motolocdiscount.com\\\/de\\\/?s={search_term_string}\"},\"query-input\":{\"@type\":\"PropertyValueSpecification\",\"valueRequired\":true,\"valueName\":\"search_term_string\"}}],\"inLanguage\":\"de\"}]}<\/script>\n<!-- \/ Yoast SEO plugin. -->","yoast_head_json":{"title":"Suzuki 800DE Djebel - Location Moto Discount","robots":{"index":"index","follow":"follow","max-snippet":"max-snippet:-1","max-image-preview":"max-image-preview:large","max-video-preview":"max-video-preview:-1"},"canonical":"https:\/\/motolocdiscount.com\/de\/produkt\/suzuki-800de-djebel\/","og_locale":"de_DE","og_type":"article","og_title":"Suzuki 800DE Djebel - Location Moto Discount","og_description":"A partir de\u00a0140 \u20ac   Suzuki 800DE Djebel \u2013 L\u2019alli\u00e9e des grandes aventures.  Con\u00e7ue pour l\u2019exploration et les longues distances, la Suzuki 800DE Djebel allie robustesse, performance et confort.  Avec sa hauteur de selle de 830 mm, elle s\u2019adresse aux pilotes \u00e0 la recherche d\u2019une vraie moto tout-terrain, pr\u00eate \u00e0 relever tous les d\u00e9fis.  Son grand r\u00e9servoir de 20 litres offre une excellente autonomie, id\u00e9ale pour les voyages au long cours. \u00c9quip\u00e9e d\u2019un shifter up &amp; down pour des passages de vitesses fluides sans embrayage, elle garantit une conduite plus dynamique et agr\u00e9able.  Gr\u00e2ce \u00e0 sa suspension longue course et son moteur bicylindre r\u00e9actif, elle est tr\u00e8s l\u2019aise sur les routes corse.       Tarifs de location   Journ\u00e9e 140\u20ac   2 jours 260\u20ac   3 jours 380\u20ac   4 jours 500\u20ac   5 jours 600\u20ac   6 jours 700\u20ac   7 jours 780\u20ac   Jour suppl\u00e9mentaire 70\u20ac","og_url":"https:\/\/motolocdiscount.com\/de\/produkt\/suzuki-800de-djebel\/","og_site_name":"Location Moto Discount","article_modified_time":"2026-01-09T15:51:25+00:00","og_image":[{"width":500,"height":500,"url":"https:\/\/motolocdiscount.com\/wp-content\/uploads\/2025\/03\/Suzuki-800DE-Djebel.jpg","type":"image\/jpeg"}],"twitter_card":"summary_large_image","twitter_misc":{"Gesch\u00e4tzte Lesezeit":"1\u00a0Minute"},"schema":{"@context":"https:\/\/schema.org","@graph":[{"@type":"WebPage","@id":"https:\/\/motolocdiscount.com\/produit\/suzuki-800de-djebel\/","url":"https:\/\/motolocdiscount.com\/produit\/suzuki-800de-djebel\/","name":"Suzuki 800DE Djebel - Location Moto Discount","isPartOf":{"@id":"https:\/\/motolocdiscount.com\/de\/#website"},"primaryImageOfPage":{"@id":"https:\/\/motolocdiscount.com\/produit\/suzuki-800de-djebel\/#primaryimage"},"image":{"@id":"https:\/\/motolocdiscount.com\/produit\/suzuki-800de-djebel\/#primaryimage"},"thumbnailUrl":"https:\/\/motolocdiscount.com\/wp-content\/uploads\/2025\/03\/Suzuki-800DE-Djebel.jpg","datePublished":"2025-12-29T17:55:00+00:00","dateModified":"2026-01-09T15:51:25+00:00","breadcrumb":{"@id":"https:\/\/motolocdiscount.com\/produit\/suzuki-800de-djebel\/#breadcrumb"},"inLanguage":"de","potentialAction":[{"@type":"ReadAction","target":["https:\/\/motolocdiscount.com\/produit\/suzuki-800de-djebel\/"]}]},{"@type":"ImageObject","inLanguage":"de","@id":"https:\/\/motolocdiscount.com\/produit\/suzuki-800de-djebel\/#primaryimage","url":"https:\/\/motolocdiscount.com\/wp-content\/uploads\/2025\/03\/Suzuki-800DE-Djebel.jpg","contentUrl":"https:\/\/motolocdiscount.com\/wp-content\/uploads\/2025\/03\/Suzuki-800DE-Djebel.jpg","width":500,"height":500},{"@type":"BreadcrumbList","@id":"https:\/\/motolocdiscount.com\/produit\/suzuki-800de-djebel\/#breadcrumb","itemListElement":[{"@type":"ListItem","position":1,"name":"Accueil","item":"https:\/\/motolocdiscount.com\/"},{"@type":"ListItem","position":2,"name":"Shop Classic &#8211; Sidebar","item":"https:\/\/motolocdiscount.com\/shop-classic-sidebar\/"},{"@type":"ListItem","position":3,"name":"Suzuki 800DE Djebel"}]},{"@type":"WebSite","@id":"https:\/\/motolocdiscount.com\/de\/#website","url":"https:\/\/motolocdiscount.com\/de\/","name":"Location Moto Discount","description":"Service de location de deux roues pour tous !","potentialAction":[{"@type":"SearchAction","target":{"@type":"EntryPoint","urlTemplate":"https:\/\/motolocdiscount.com\/de\/?s={search_term_string}"},"query-input":{"@type":"PropertyValueSpecification","valueRequired":true,"valueName":"search_term_string"}}],"inLanguage":"de"}]}},"_links":{"self":[{"href":"https:\/\/motolocdiscount.com\/de\/wp-json\/wp\/v2\/product\/5459","targetHints":{"allow":["GET"]}}],"collection":[{"href":"https:\/\/motolocdiscount.com\/de\/wp-json\/wp\/v2\/product"}],"about":[{"href":"https:\/\/motolocdiscount.com\/de\/wp-json\/wp\/v2\/types\/product"}],"wp:featuredmedia":[{"embeddable":true,"href":"https:\/\/motolocdiscount.com\/de\/wp-json\/wp\/v2\/media\/5472"}],"wp:attachment":[{"href":"https:\/\/motolocdiscount.com\/de\/wp-json\/wp\/v2\/media?parent=5459"}],"wp:term":[{"taxonomy":"product_brand","embeddable":true,"href":"https:\/\/motolocdiscount.com\/de\/wp-json\/wp\/v2\/product_brand?post=5459"},{"taxonomy":"product_cat","embeddable":true,"href":"https:\/\/motolocdiscount.com\/de\/wp-json\/wp\/v2\/product_cat?post=5459"},{"taxonomy":"product_tag","embeddable":true,"href":"https:\/\/motolocdiscount.com\/de\/wp-json\/wp\/v2\/product_tag?post=5459"}],"curies":[{"name":"wp","href":"https:\/\/api.w.org\/{rel}","templated":true}]}}