{"id":5192,"date":"2026-01-04T04:54:39","date_gmt":"2026-01-04T04:54:39","guid":{"rendered":"https:\/\/motolocdiscount.com\/?post_type=product&#038;p=5192"},"modified":"2026-01-09T15:49:40","modified_gmt":"2026-01-09T15:49:40","slug":"mp3-300cc-3-roues","status":"publish","type":"product","link":"https:\/\/motolocdiscount.com\/de\/produkt\/mp3-300cc-3-roues\/","title":{"rendered":"MP3 300cc 3 roues"},"content":{"rendered":"<table style=\"width: 100% !important; max-width: 900px !important; margin: 0 auto !important; border-collapse: collapse !important; font-family: Arial, sans-serif !important; color: #333 !important; background-color: #fff !important;\">\n<thead><!-- Premi\u00e8re ligne : Titre (fond bleu, texte blanc) --><\/p>\n<tr style=\"background-color: #033e61 !important; color: #fff !important;\">\n<th style=\"border: 1px solid #ccc !important; padding: 12px !important; text-align: center !important; text-transform: uppercase !important;\" colspan=\"2\">CONDITIONS &amp; INFORMATIONS<\/th>\n<\/tr>\n<p><!-- Seconde ligne : ent\u00eates de colonnes (pas de couleur sp\u00e9ciale) --><\/p>\n<tr>\n<th style=\"border: 1px solid #ccc !important; padding: 12px !important; text-align: left !important; white-space: normal !important; word-wrap: break-word !important; text-transform: uppercase !important;\">Name<\/th>\n<th style=\"border: 1px solid #ccc !important; padding: 12px !important; text-align: left !important; white-space: normal !important; word-wrap: break-word !important; text-transform: uppercase !important;\">D\u00e9tails<\/th>\n<\/tr>\n<\/thead>\n<tbody><!-- Ligne 1 : \u00c2ge minimum --><\/p>\n<tr style=\"border: 1px solid #ccc !important;\">\n<td style=\"border: 1px solid #ccc !important; padding: 12px !important; white-space: normal !important; word-wrap: break-word !important;\">\u00c2ge minimum<\/td>\n<td style=\"border: 1px solid #ccc !important; padding: 12px !important;\">20 ans<\/td>\n<\/tr>\n<p><!-- Ligne 2 : Permis en cours de validit\u00e9 (z\u00e9br\u00e9e) --><\/p>\n<tr style=\"border: 1px solid #ccc !important; background-color: #f9f9f9 !important;\">\n<td style=\"border: 1px solid #ccc !important; padding: 12px !important;\">Permis en cours de validit\u00e9<\/td>\n<td style=\"border: 1px solid #ccc !important; padding: 12px !important; white-space: normal !important; word-wrap: break-word !important;\">A, A1 ou B, de + 2 ans, sans suspension ni retrait dans les 3 derni\u00e8res ann\u00e9es.<br \/>\nPermis B obtenu avant le 1er mars 1980 ou attestation formation de 7 heures<br \/>\nou attestation d\u2019assurance couvrant l\u2019usage d\u2019un 125\u00a0cm<sup>3<\/sup><br \/>\nau cours des 5 ann\u00e9es pr\u00e9c\u00e9dant le 1er janvier 2011<\/td>\n<\/tr>\n<p><!-- Ligne 3 : Pi\u00e8ce d'identit\u00e9 --><\/p>\n<tr style=\"border: 1px solid #ccc !important;\">\n<td style=\"border: 1px solid #ccc !important; padding: 12px !important;\">Pi\u00e8ce d&rsquo;identit\u00e9<\/td>\n<td style=\"border: 1px solid #ccc !important; padding: 12px !important;\">En cours de validit\u00e9<\/td>\n<\/tr>\n<p><!-- Ligne 4 : D\u00e9p\u00f4t de garantie (z\u00e9br\u00e9e) --><\/p>\n<tr style=\"border: 1px solid #ccc !important; background-color: #f9f9f9 !important;\">\n<td style=\"border: 1px solid #ccc !important; padding: 12px !important;\">D\u00e9p\u00f4t de garantie<\/td>\n<td style=\"border: 1px solid #ccc !important; padding: 12px !important;\">1500\u00a0\u20ac (non d\u00e9bit\u00e9e), par Carte Bancaire uniquement<\/td>\n<\/tr>\n<p><!-- Ligne 5 : \u00c9quipement fourni --><\/p>\n<tr style=\"border: 1px solid #ccc !important;\">\n<td style=\"border: 1px solid #ccc !important; padding: 12px !important;\">\u00c9quipement fourni<\/td>\n<td style=\"border: 1px solid #ccc !important; padding: 12px !important;\">Tous nos scooters et motos sont \u00e9quip\u00e9s de top case, casques, gants et antivol<\/td>\n<\/tr>\n<p><!-- Ligne 6 : Kilom\u00e9trage (z\u00e9br\u00e9e) --><\/p>\n<tr style=\"border: 1px solid #ccc !important; background-color: #f9f9f9 !important;\">\n<td style=\"border: 1px solid #ccc !important; padding: 12px !important;\">Kilom\u00e9trage<\/td>\n<td style=\"border: 1px solid #ccc !important; padding: 12px !important;\">Illimit\u00e9<\/td>\n<\/tr>\n<p><!-- Ligne 7 : Assurance --><\/p>\n<tr style=\"border: 1px solid #ccc !important;\">\n<td style=\"border: 1px solid #ccc !important; padding: 12px !important;\">Assurance<\/td>\n<td style=\"border: 1px solid #ccc !important; padding: 12px !important;\">Incluse<\/td>\n<\/tr>\n<p><!-- Ligne 8 : Assurance Crevaison (z\u00e9br\u00e9e) --><\/p>\n<tr style=\"border: 1px solid #ccc !important; background-color: #f9f9f9 !important;\">\n<td style=\"border: 1px solid #ccc !important; padding: 12px !important;\">Assurance Crevaison<\/td>\n<td style=\"border: 1px solid #ccc !important; padding: 12px !important;\">Option : 15\u00a0\u20ac pour la dur\u00e9e totale du s\u00e9jour<\/td>\n<\/tr>\n<\/tbody>\n<\/table>","protected":false},"excerpt":{"rendered":"<p><strong><span style=\"color: #ff9900;\"><span style=\"color: #333333;\">A partir de<\/span> <span style=\"font-size: hight;\">70 \u20ac <\/span><\/span><\/strong><\/p>\n<div class=\"flex flex-grow flex-col max-w-full\">\n<div class=\"min-h-[20px] text-message flex flex-col items-start gap-3 whitespace-pre-wrap break-words [.text-message+&amp;]:mt-5 overflow-x-auto\" data-message-author-role=\"assistant\" data-message-id=\"e833add2-922c-467a-aa04-90740271384b\">\n<div class=\"markdown prose w-full break-words dark:prose-invert dark\">\n<div class=\"flex flex-grow flex-col max-w-full\">\n<div class=\"min-h-[20px] text-message flex flex-col items-start gap-3 whitespace-pre-wrap break-words [.text-message+&amp;]:mt-5 overflow-x-auto\" data-message-author-role=\"assistant\" data-message-id=\"188da1af-c235-4141-8545-0e0a19d0c54c\">\n<div class=\"markdown prose w-full break-words dark:prose-invert dark\">\n<p>Si vous n&rsquo;avez pas le permis moto mais souhaitez tout de m\u00eame profiter d&rsquo;une cylindr\u00e9e sup\u00e9rieure \u00e0 125cc, le MP3 \u00e0 3 roues de chez Piaggio repr\u00e9sente la solution parfaite, surtout pour des vacances en Corse. Alliant confort et facilit\u00e9 de conduite, ce v\u00e9hicule innovant vous garantit s\u00e9curit\u00e9 et stabilit\u00e9 sur tous types de routes. Avec son grand top case, son vaste espace de rangement sous la selle, et sa bulle avant protectrice, il est id\u00e9alement \u00e9quip\u00e9 pour transporter vos affaires personnelles tout en vous offrant une exp\u00e9rience de conduite agr\u00e9able et sereine.<\/p>\n<p><img decoding=\"async\" class=\"alignnone wp-image-5394\" src=\"https:\/\/motolocdiscount.com\/wp-content\/uploads\/2025\/03\/permis-A1-min.png\" alt=\"\" width=\"70\" height=\"70\" srcset=\"https:\/\/motolocdiscount.com\/wp-content\/uploads\/2025\/03\/permis-A1-min-12x12.png 12w, https:\/\/motolocdiscount.com\/wp-content\/uploads\/2025\/03\/permis-A1-min-66x66.png 66w, https:\/\/motolocdiscount.com\/wp-content\/uploads\/2025\/03\/permis-A1-min-150x150.png 150w, https:\/\/motolocdiscount.com\/wp-content\/uploads\/2025\/03\/permis-A1-min-200x200.png 200w, https:\/\/motolocdiscount.com\/wp-content\/uploads\/2025\/03\/permis-A1-min-300x300.png 300w, https:\/\/motolocdiscount.com\/wp-content\/uploads\/2025\/03\/permis-A1-min-400x400.png 400w, https:\/\/motolocdiscount.com\/wp-content\/uploads\/2025\/03\/permis-A1-min.png 500w\" sizes=\"(max-width: 70px) 100vw, 70px\" \/><\/p>\n<div class=\"table-1\">\n<table style=\"width: 100%; border-collapse: collapse;\">\n<tbody>\n<tr>\n<td style=\"text-align: center; border: 1px solid #ccc; background-color: #033e61; color: white;\" colspan=\"2\"><strong>Tarifs de location<\/strong><\/td>\n<\/tr>\n<tr>\n<td style=\"text-align: center; border: 1px solid #ccc; background-color: #f9f9f9;\">Journ\u00e9e<\/td>\n<td style=\"text-align: center; border: 1px solid #ccc; background-color: #f9f9f9;\">70\u20ac<\/td>\n<\/tr>\n<tr>\n<td style=\"text-align: center; border: 1px solid #ccc; background-color: #f9f9f9;\">2 jours<\/td>\n<td style=\"text-align: center; border: 1px solid #ccc; background-color: #f9f9f9;\">135\u20ac<\/td>\n<\/tr>\n<tr>\n<td style=\"text-align: center; border: 1px solid #ccc; background-color: #f9f9f9;\">3 jours<\/td>\n<td style=\"text-align: center; border: 1px solid #ccc; background-color: #f9f9f9;\">200\u20ac<\/td>\n<\/tr>\n<tr>\n<td style=\"text-align: center; border: 1px solid #ccc; background-color: #f9f9f9;\">4 jours<\/td>\n<td style=\"text-align: center; border: 1px solid #ccc; background-color: #f9f9f9;\">260\u20ac<\/td>\n<\/tr>\n<tr>\n<td style=\"text-align: center; border: 1px solid #ccc; background-color: #f9f9f9;\">5 jours<\/td>\n<td style=\"text-align: center; border: 1px solid #ccc; background-color: #f9f9f9;\">320\u20ac<\/td>\n<\/tr>\n<tr>\n<td style=\"text-align: center; border: 1px solid #ccc; background-color: #f9f9f9;\">6 jours<\/td>\n<td style=\"text-align: center; border: 1px solid #ccc; background-color: #f9f9f9;\">380\u20ac<\/td>\n<\/tr>\n<tr>\n<td style=\"text-align: center; border: 1px solid #ccc; background-color: #f9f9f9;\">7 jours<\/td>\n<td style=\"text-align: center; border: 1px solid #ccc; background-color: #f9f9f9;\">430\u20ac<\/td>\n<\/tr>\n<tr>\n<td style=\"text-align: center; border: 1px solid #ccc; background-color: #f9f9f9;\">Jour suppl\u00e9mentaire<\/td>\n<td style=\"text-align: center; border: 1px solid #ccc; background-color: #f9f9f9;\">50\u20ac<\/td>\n<\/tr>\n<\/tbody>\n<\/table>\n<\/div>\n<\/div>\n<\/div>\n<\/div>\n<\/div>\n<\/div>\n<\/div>\n","protected":false},"featured_media":5193,"template":"","meta":[],"product_brand":[],"product_cat":[98],"product_tag":[],"class_list":{"0":"post-5192","1":"product","2":"type-product","3":"status-publish","4":"has-post-thumbnail","6":"product_cat-scooters","8":"first","9":"instock","10":"shipping-taxable","11":"product-type-simple"},"yoast_head":"<!-- This site is optimized with the Yoast SEO plugin v27.5 - https:\/\/yoast.com\/product\/yoast-seo-wordpress\/ -->\n<title>MP3 300cc 3 roues - Location Moto Discount<\/title>\n<meta name=\"robots\" content=\"index, follow, max-snippet:-1, max-image-preview:large, max-video-preview:-1\" \/>\n<link rel=\"canonical\" href=\"https:\/\/motolocdiscount.com\/de\/produkt\/mp3-300cc-3-roues\/\" \/>\n<meta property=\"og:locale\" content=\"de_DE\" \/>\n<meta property=\"og:type\" content=\"article\" \/>\n<meta property=\"og:title\" content=\"MP3 300cc 3 roues - Location Moto Discount\" \/>\n<meta property=\"og:description\" content=\"A partir de 70 \u20ac         Si vous n&#039;avez pas le permis moto mais souhaitez tout de m\u00eame profiter d&#039;une cylindr\u00e9e sup\u00e9rieure \u00e0 125cc, le MP3 \u00e0 3 roues de chez Piaggio repr\u00e9sente la solution parfaite, surtout pour des vacances en Corse. Alliant confort et facilit\u00e9 de conduite, ce v\u00e9hicule innovant vous garantit s\u00e9curit\u00e9 et stabilit\u00e9 sur tous types de routes. Avec son grand top case, son vaste espace de rangement sous la selle, et sa bulle avant protectrice, il est id\u00e9alement \u00e9quip\u00e9 pour transporter vos affaires personnelles tout en vous offrant une exp\u00e9rience de conduite agr\u00e9able et sereine.       Tarifs de location   Journ\u00e9e 70\u20ac   2 jours 135\u20ac   3 jours 200\u20ac   4 jours 260\u20ac   5 jours 320\u20ac   6 jours 380\u20ac   7 jours 430\u20ac   Jour suppl\u00e9mentaire 50\u20ac\" \/>\n<meta property=\"og:url\" content=\"https:\/\/motolocdiscount.com\/de\/produkt\/mp3-300cc-3-roues\/\" \/>\n<meta property=\"og:site_name\" content=\"Location Moto Discount\" \/>\n<meta property=\"article:modified_time\" content=\"2026-01-09T15:49:40+00:00\" \/>\n<meta property=\"og:image\" content=\"https:\/\/motolocdiscount.com\/wp-content\/uploads\/2024\/03\/MP3-300cc-3-roues.jpg\" \/>\n\t<meta property=\"og:image:width\" content=\"835\" \/>\n\t<meta property=\"og:image:height\" content=\"835\" \/>\n\t<meta property=\"og:image:type\" content=\"image\/jpeg\" \/>\n<meta name=\"twitter:card\" content=\"summary_large_image\" \/>\n<meta name=\"twitter:label1\" content=\"Gesch\u00e4tzte Lesezeit\" \/>\n\t<meta name=\"twitter:data1\" content=\"1\u00a0Minute\" \/>\n<script type=\"application\/ld+json\" class=\"yoast-schema-graph\">{\"@context\":\"https:\\\/\\\/schema.org\",\"@graph\":[{\"@type\":\"WebPage\",\"@id\":\"https:\\\/\\\/motolocdiscount.com\\\/produit\\\/mp3-300cc-3-roues\\\/\",\"url\":\"https:\\\/\\\/motolocdiscount.com\\\/produit\\\/mp3-300cc-3-roues\\\/\",\"name\":\"MP3 300cc 3 roues - Location Moto Discount\",\"isPartOf\":{\"@id\":\"https:\\\/\\\/motolocdiscount.com\\\/de\\\/#website\"},\"primaryImageOfPage\":{\"@id\":\"https:\\\/\\\/motolocdiscount.com\\\/produit\\\/mp3-300cc-3-roues\\\/#primaryimage\"},\"image\":{\"@id\":\"https:\\\/\\\/motolocdiscount.com\\\/produit\\\/mp3-300cc-3-roues\\\/#primaryimage\"},\"thumbnailUrl\":\"https:\\\/\\\/motolocdiscount.com\\\/wp-content\\\/uploads\\\/2024\\\/03\\\/MP3-300cc-3-roues.jpg\",\"datePublished\":\"2026-01-04T04:54:39+00:00\",\"dateModified\":\"2026-01-09T15:49:40+00:00\",\"breadcrumb\":{\"@id\":\"https:\\\/\\\/motolocdiscount.com\\\/produit\\\/mp3-300cc-3-roues\\\/#breadcrumb\"},\"inLanguage\":\"de\",\"potentialAction\":[{\"@type\":\"ReadAction\",\"target\":[\"https:\\\/\\\/motolocdiscount.com\\\/produit\\\/mp3-300cc-3-roues\\\/\"]}]},{\"@type\":\"ImageObject\",\"inLanguage\":\"de\",\"@id\":\"https:\\\/\\\/motolocdiscount.com\\\/produit\\\/mp3-300cc-3-roues\\\/#primaryimage\",\"url\":\"https:\\\/\\\/motolocdiscount.com\\\/wp-content\\\/uploads\\\/2024\\\/03\\\/MP3-300cc-3-roues.jpg\",\"contentUrl\":\"https:\\\/\\\/motolocdiscount.com\\\/wp-content\\\/uploads\\\/2024\\\/03\\\/MP3-300cc-3-roues.jpg\",\"width\":835,\"height\":835},{\"@type\":\"BreadcrumbList\",\"@id\":\"https:\\\/\\\/motolocdiscount.com\\\/produit\\\/mp3-300cc-3-roues\\\/#breadcrumb\",\"itemListElement\":[{\"@type\":\"ListItem\",\"position\":1,\"name\":\"Accueil\",\"item\":\"https:\\\/\\\/motolocdiscount.com\\\/\"},{\"@type\":\"ListItem\",\"position\":2,\"name\":\"Shop Classic &#8211; Sidebar\",\"item\":\"https:\\\/\\\/motolocdiscount.com\\\/shop-classic-sidebar\\\/\"},{\"@type\":\"ListItem\",\"position\":3,\"name\":\"MP3 300cc 3 roues\"}]},{\"@type\":\"WebSite\",\"@id\":\"https:\\\/\\\/motolocdiscount.com\\\/de\\\/#website\",\"url\":\"https:\\\/\\\/motolocdiscount.com\\\/de\\\/\",\"name\":\"Location Moto Discount\",\"description\":\"Service de location de deux roues pour tous !\",\"potentialAction\":[{\"@type\":\"SearchAction\",\"target\":{\"@type\":\"EntryPoint\",\"urlTemplate\":\"https:\\\/\\\/motolocdiscount.com\\\/de\\\/?s={search_term_string}\"},\"query-input\":{\"@type\":\"PropertyValueSpecification\",\"valueRequired\":true,\"valueName\":\"search_term_string\"}}],\"inLanguage\":\"de\"}]}<\/script>\n<!-- \/ Yoast SEO plugin. -->","yoast_head_json":{"title":"MP3 300cc 3 roues - Location Moto Discount","robots":{"index":"index","follow":"follow","max-snippet":"max-snippet:-1","max-image-preview":"max-image-preview:large","max-video-preview":"max-video-preview:-1"},"canonical":"https:\/\/motolocdiscount.com\/de\/produkt\/mp3-300cc-3-roues\/","og_locale":"de_DE","og_type":"article","og_title":"MP3 300cc 3 roues - Location Moto Discount","og_description":"A partir de 70 \u20ac         Si vous n'avez pas le permis moto mais souhaitez tout de m\u00eame profiter d'une cylindr\u00e9e sup\u00e9rieure \u00e0 125cc, le MP3 \u00e0 3 roues de chez Piaggio repr\u00e9sente la solution parfaite, surtout pour des vacances en Corse. Alliant confort et facilit\u00e9 de conduite, ce v\u00e9hicule innovant vous garantit s\u00e9curit\u00e9 et stabilit\u00e9 sur tous types de routes. Avec son grand top case, son vaste espace de rangement sous la selle, et sa bulle avant protectrice, il est id\u00e9alement \u00e9quip\u00e9 pour transporter vos affaires personnelles tout en vous offrant une exp\u00e9rience de conduite agr\u00e9able et sereine.       Tarifs de location   Journ\u00e9e 70\u20ac   2 jours 135\u20ac   3 jours 200\u20ac   4 jours 260\u20ac   5 jours 320\u20ac   6 jours 380\u20ac   7 jours 430\u20ac   Jour suppl\u00e9mentaire 50\u20ac","og_url":"https:\/\/motolocdiscount.com\/de\/produkt\/mp3-300cc-3-roues\/","og_site_name":"Location Moto Discount","article_modified_time":"2026-01-09T15:49:40+00:00","og_image":[{"width":835,"height":835,"url":"https:\/\/motolocdiscount.com\/wp-content\/uploads\/2024\/03\/MP3-300cc-3-roues.jpg","type":"image\/jpeg"}],"twitter_card":"summary_large_image","twitter_misc":{"Gesch\u00e4tzte Lesezeit":"1\u00a0Minute"},"schema":{"@context":"https:\/\/schema.org","@graph":[{"@type":"WebPage","@id":"https:\/\/motolocdiscount.com\/produit\/mp3-300cc-3-roues\/","url":"https:\/\/motolocdiscount.com\/produit\/mp3-300cc-3-roues\/","name":"MP3 300cc 3 roues - Location Moto Discount","isPartOf":{"@id":"https:\/\/motolocdiscount.com\/de\/#website"},"primaryImageOfPage":{"@id":"https:\/\/motolocdiscount.com\/produit\/mp3-300cc-3-roues\/#primaryimage"},"image":{"@id":"https:\/\/motolocdiscount.com\/produit\/mp3-300cc-3-roues\/#primaryimage"},"thumbnailUrl":"https:\/\/motolocdiscount.com\/wp-content\/uploads\/2024\/03\/MP3-300cc-3-roues.jpg","datePublished":"2026-01-04T04:54:39+00:00","dateModified":"2026-01-09T15:49:40+00:00","breadcrumb":{"@id":"https:\/\/motolocdiscount.com\/produit\/mp3-300cc-3-roues\/#breadcrumb"},"inLanguage":"de","potentialAction":[{"@type":"ReadAction","target":["https:\/\/motolocdiscount.com\/produit\/mp3-300cc-3-roues\/"]}]},{"@type":"ImageObject","inLanguage":"de","@id":"https:\/\/motolocdiscount.com\/produit\/mp3-300cc-3-roues\/#primaryimage","url":"https:\/\/motolocdiscount.com\/wp-content\/uploads\/2024\/03\/MP3-300cc-3-roues.jpg","contentUrl":"https:\/\/motolocdiscount.com\/wp-content\/uploads\/2024\/03\/MP3-300cc-3-roues.jpg","width":835,"height":835},{"@type":"BreadcrumbList","@id":"https:\/\/motolocdiscount.com\/produit\/mp3-300cc-3-roues\/#breadcrumb","itemListElement":[{"@type":"ListItem","position":1,"name":"Accueil","item":"https:\/\/motolocdiscount.com\/"},{"@type":"ListItem","position":2,"name":"Shop Classic &#8211; Sidebar","item":"https:\/\/motolocdiscount.com\/shop-classic-sidebar\/"},{"@type":"ListItem","position":3,"name":"MP3 300cc 3 roues"}]},{"@type":"WebSite","@id":"https:\/\/motolocdiscount.com\/de\/#website","url":"https:\/\/motolocdiscount.com\/de\/","name":"Location Moto Discount","description":"Service de location de deux roues pour tous !","potentialAction":[{"@type":"SearchAction","target":{"@type":"EntryPoint","urlTemplate":"https:\/\/motolocdiscount.com\/de\/?s={search_term_string}"},"query-input":{"@type":"PropertyValueSpecification","valueRequired":true,"valueName":"search_term_string"}}],"inLanguage":"de"}]}},"_links":{"self":[{"href":"https:\/\/motolocdiscount.com\/de\/wp-json\/wp\/v2\/product\/5192","targetHints":{"allow":["GET"]}}],"collection":[{"href":"https:\/\/motolocdiscount.com\/de\/wp-json\/wp\/v2\/product"}],"about":[{"href":"https:\/\/motolocdiscount.com\/de\/wp-json\/wp\/v2\/types\/product"}],"wp:featuredmedia":[{"embeddable":true,"href":"https:\/\/motolocdiscount.com\/de\/wp-json\/wp\/v2\/media\/5193"}],"wp:attachment":[{"href":"https:\/\/motolocdiscount.com\/de\/wp-json\/wp\/v2\/media?parent=5192"}],"wp:term":[{"taxonomy":"product_brand","embeddable":true,"href":"https:\/\/motolocdiscount.com\/de\/wp-json\/wp\/v2\/product_brand?post=5192"},{"taxonomy":"product_cat","embeddable":true,"href":"https:\/\/motolocdiscount.com\/de\/wp-json\/wp\/v2\/product_cat?post=5192"},{"taxonomy":"product_tag","embeddable":true,"href":"https:\/\/motolocdiscount.com\/de\/wp-json\/wp\/v2\/product_tag?post=5192"}],"curies":[{"name":"wp","href":"https:\/\/api.w.org\/{rel}","templated":true}]}}